{"id":6249,"date":"2023-10-28T16:52:17","date_gmt":"2023-10-28T16:52:17","guid":{"rendered":"https:\/\/becreative.ee\/?post_type=product&#038;p=6249"},"modified":"2024-05-08T09:57:28","modified_gmt":"2024-05-08T09:57:28","slug":"paberimass","status":"publish","type":"product","link":"https:\/\/becreative.ee\/en\/product\/paberimass\/","title":{"rendered":"Paberimass"},"content":{"rendered":"<p>Spetsiaalselt paberi valmistamiseks m\u00f5eldud paberimass. Pakend sisaldab 100 g paberimassi.<\/p>\n<p>Paberimassist on v\u00f5imalik voolida kujukesi, maske v\u00f5i kaunistusi. Selleks tuleb paberimass segada vee ja v\u00e4hese liimiga. Mass kuivab m\u00f5ne p\u00e4eva jooksul.<\/p>\n<p>&nbsp;<\/p>\n<p>Paberi valmistamine:<\/p>\n<p>Paberi valmistamiseks l\u00e4heb tarvis paberiraami, kaussi, vett ja paberimassi.<\/p>\n<p>Segage 10 g paberimassi 1 l veega. Rohkemate paberilehtede valmistamiseks tuleb vajadusel paberimassi juurde lisada. Asetage raam s\u00f5elapoolsele k\u00fcljele ja t\u00f5stke raam kahe k\u00e4ega kinni hoides seguga t\u00e4idetud kaussi. Liigutage raami kergelt \u00fcles ja alla. T\u00f5stke raam ettevaatlikult v\u00e4lja ja eemaldage pealmine raam. Kihi paksus v\u00f5iks olla umbes 5 mm. Keerake paber ettevaatlikult s\u00f5elalt kangale. Katke paber teise kangakihiga ja pressige \u00f5rnalt puidu vahel. J\u00e4tke paber kuivama.<\/p>\n<p>&nbsp;<\/p>","protected":false},"excerpt":{"rendered":"<p>Spetsiaalselt paberi valmistamiseks m\u00f5eldud paberimass. Pakend sisaldab 100 g paberimassi.<\/p>\n<p>Paberimassist on v\u00f5imalik voolida kujukesi, maske v\u00f5i kaunistusi. Selleks tuleb paberimass segada vee ja v\u00e4hese liimiga. Mass kuivab m\u00f5ne p\u00e4eva jooksul.<\/p>","protected":false},"featured_media":6250,"template":"","meta":[],"product_brand":[],"product_cat":[263,989,1294,1014],"product_tag":[],"class_list":{"0":"post-6249","1":"product","2":"type-product","3":"status-publish","4":"has-post-thumbnail","6":"product_cat-brandid","7":"product_cat-graine-creative","8":"product_cat-paber-tood-paberiga","9":"product_cat-tood-paberiga","11":"first","12":"instock","13":"taxable","14":"shipping-taxable","15":"purchasable","16":"product-type-simple"},"jetpack_sharing_enabled":true,"_links":{"self":[{"href":"https:\/\/becreative.ee\/en\/wp-json\/wp\/v2\/product\/6249","targetHints":{"allow":["GET"]}}],"collection":[{"href":"https:\/\/becreative.ee\/en\/wp-json\/wp\/v2\/product"}],"about":[{"href":"https:\/\/becreative.ee\/en\/wp-json\/wp\/v2\/types\/product"}],"version-history":[{"count":2,"href":"https:\/\/becreative.ee\/en\/wp-json\/wp\/v2\/product\/6249\/revisions"}],"predecessor-version":[{"id":6252,"href":"https:\/\/becreative.ee\/en\/wp-json\/wp\/v2\/product\/6249\/revisions\/6252"}],"wp:featuredmedia":[{"embeddable":true,"href":"https:\/\/becreative.ee\/en\/wp-json\/wp\/v2\/media\/6250"}],"wp:attachment":[{"href":"https:\/\/becreative.ee\/en\/wp-json\/wp\/v2\/media?parent=6249"}],"wp:term":[{"taxonomy":"product_brand","embeddable":true,"href":"https:\/\/becreative.ee\/en\/wp-json\/wp\/v2\/product_brand?post=6249"},{"taxonomy":"product_cat","embeddable":true,"href":"https:\/\/becreative.ee\/en\/wp-json\/wp\/v2\/product_cat?post=6249"},{"taxonomy":"product_tag","embeddable":true,"href":"https:\/\/becreative.ee\/en\/wp-json\/wp\/v2\/product_tag?post=6249"}],"curies":[{"name":"wp","href":"https:\/\/api.w.org\/{rel}","templated":true}]}}