{"id":6266,"date":"2023-10-29T14:53:23","date_gmt":"2023-10-29T14:53:23","guid":{"rendered":"https:\/\/becreative.ee\/?post_type=product&#038;p=6266"},"modified":"2025-10-08T13:13:24","modified_gmt":"2025-10-08T13:13:24","slug":"linoolloike-nuga","status":"publish","type":"product","link":"https:\/\/becreative.ee\/en\/product\/linoolloike-nuga\/","title":{"rendered":"Linooll\u00f5ike nuga"},"content":{"rendered":"<p>Enda valmistatud templid on ainulaatsed ja neid saab kasutada erinevate projektide tarvis. Linooll\u00f5ike nuga on spetsiaalselt templite valmistamiseks m\u00f5eldud t\u00f6\u00f6riist. Komplekti kuulub puidust k\u00e4epide ja kummi l\u00f5ikamiseks kolm erinevat otsikut.<\/p>","protected":false},"excerpt":{"rendered":"<p>Enda valmistatud templid on ainulaatsed ja neid saab kasutada erinevate projektide tarvis. Linooll\u00f5ike nuga on spetsiaalselt templite valmistamiseks m\u00f5eldud t\u00f6\u00f6riist. Komplekti kuulub puidust k\u00e4epide ja kummi l\u00f5ikamiseks kolm erinevat otsikut.<\/p>","protected":false},"featured_media":6267,"template":"","meta":[],"product_brand":[],"product_cat":[263,989,1295,1116],"product_tag":[],"class_list":{"0":"post-6266","1":"product","2":"type-product","3":"status-publish","4":"has-post-thumbnail","6":"product_cat-brandid","7":"product_cat-graine-creative","8":"product_cat-linoolloige","9":"product_cat-teised-tehnikad","11":"first","12":"instock","13":"taxable","14":"shipping-taxable","15":"purchasable","16":"product-type-simple"},"jetpack_sharing_enabled":true,"_links":{"self":[{"href":"https:\/\/becreative.ee\/en\/wp-json\/wp\/v2\/product\/6266","targetHints":{"allow":["GET"]}}],"collection":[{"href":"https:\/\/becreative.ee\/en\/wp-json\/wp\/v2\/product"}],"about":[{"href":"https:\/\/becreative.ee\/en\/wp-json\/wp\/v2\/types\/product"}],"version-history":[{"count":1,"href":"https:\/\/becreative.ee\/en\/wp-json\/wp\/v2\/product\/6266\/revisions"}],"predecessor-version":[{"id":6269,"href":"https:\/\/becreative.ee\/en\/wp-json\/wp\/v2\/product\/6266\/revisions\/6269"}],"wp:featuredmedia":[{"embeddable":true,"href":"https:\/\/becreative.ee\/en\/wp-json\/wp\/v2\/media\/6267"}],"wp:attachment":[{"href":"https:\/\/becreative.ee\/en\/wp-json\/wp\/v2\/media?parent=6266"}],"wp:term":[{"taxonomy":"product_brand","embeddable":true,"href":"https:\/\/becreative.ee\/en\/wp-json\/wp\/v2\/product_brand?post=6266"},{"taxonomy":"product_cat","embeddable":true,"href":"https:\/\/becreative.ee\/en\/wp-json\/wp\/v2\/product_cat?post=6266"},{"taxonomy":"product_tag","embeddable":true,"href":"https:\/\/becreative.ee\/en\/wp-json\/wp\/v2\/product_tag?post=6266"}],"curies":[{"name":"wp","href":"https:\/\/api.w.org\/{rel}","templated":true}]}}