{"id":6273,"date":"2023-10-29T15:07:30","date_gmt":"2023-10-29T15:07:30","guid":{"rendered":"https:\/\/becreative.ee\/?post_type=product&#038;p=6273"},"modified":"2023-10-29T15:10:12","modified_gmt":"2023-10-29T15:10:12","slug":"sabloon-istanbul","status":"publish","type":"product","link":"https:\/\/becreative.ee\/en\/product\/sabloon-istanbul\/","title":{"rendered":"\u0160abloon Istanbul"},"content":{"rendered":"<p>\u0160ablooni on v\u00f5imalik kasutada v\u00e4ga paljudes erinevates k\u00e4sit\u00f6\u00f6projektides nagu scrapbooking, kaartide valmistamine v\u00f5i siis m\u00f6\u00f6bli kaunistamine. \u0160abloon on korduvkasutatav. Mustrilise osa m\u00f5\u00f5t 25 x 17 cm.<\/p>\n<p>&nbsp;<\/p>\n<p>Kasutamine:<\/p>\n<p>Asetage \u0161abloon soovitud kohale ja kinnitage. V\u00e4rvige valitud v\u00e4rviga ja meetodil. Eemaldage ettevaatlikult \u0161abloon ja laske v\u00e4rvil kuivada.<\/p>","protected":false},"excerpt":{"rendered":"<p>\u0160ablooni on v\u00f5imalik kasutada v\u00e4ga paljudes erinevates k\u00e4sit\u00f6\u00f6projektides nagu scrapbooking, kaartide valmistamine v\u00f5i siis m\u00f6\u00f6bli kaunistamine. \u0160abloon on korduvkasutatav. Mustrilise osa m\u00f5\u00f5t 25 x 17 cm.<\/p>","protected":false},"featured_media":6274,"template":"","meta":[],"product_brand":[],"product_cat":[263,989,1104,1052],"product_tag":[],"class_list":{"0":"post-6273","1":"product","2":"type-product","3":"status-publish","4":"has-post-thumbnail","6":"product_cat-brandid","7":"product_cat-graine-creative","8":"product_cat-sabloonid-varvid-2","9":"product_cat-varvid-2","11":"first","12":"instock","13":"taxable","14":"shipping-taxable","15":"purchasable","16":"product-type-simple"},"jetpack_sharing_enabled":true,"_links":{"self":[{"href":"https:\/\/becreative.ee\/en\/wp-json\/wp\/v2\/product\/6273","targetHints":{"allow":["GET"]}}],"collection":[{"href":"https:\/\/becreative.ee\/en\/wp-json\/wp\/v2\/product"}],"about":[{"href":"https:\/\/becreative.ee\/en\/wp-json\/wp\/v2\/types\/product"}],"version-history":[{"count":1,"href":"https:\/\/becreative.ee\/en\/wp-json\/wp\/v2\/product\/6273\/revisions"}],"predecessor-version":[{"id":6275,"href":"https:\/\/becreative.ee\/en\/wp-json\/wp\/v2\/product\/6273\/revisions\/6275"}],"wp:featuredmedia":[{"embeddable":true,"href":"https:\/\/becreative.ee\/en\/wp-json\/wp\/v2\/media\/6274"}],"wp:attachment":[{"href":"https:\/\/becreative.ee\/en\/wp-json\/wp\/v2\/media?parent=6273"}],"wp:term":[{"taxonomy":"product_brand","embeddable":true,"href":"https:\/\/becreative.ee\/en\/wp-json\/wp\/v2\/product_brand?post=6273"},{"taxonomy":"product_cat","embeddable":true,"href":"https:\/\/becreative.ee\/en\/wp-json\/wp\/v2\/product_cat?post=6273"},{"taxonomy":"product_tag","embeddable":true,"href":"https:\/\/becreative.ee\/en\/wp-json\/wp\/v2\/product_tag?post=6273"}],"curies":[{"name":"wp","href":"https:\/\/api.w.org\/{rel}","templated":true}]}}