{"id":6277,"date":"2023-10-30T20:11:37","date_gmt":"2023-10-30T20:11:37","guid":{"rendered":"https:\/\/becreative.ee\/?post_type=product&#038;p=6277"},"modified":"2023-10-30T20:11:37","modified_gmt":"2023-10-30T20:11:37","slug":"aroomilambi-vaha-valmistamise-komplekt","status":"publish","type":"product","link":"https:\/\/becreative.ee\/en\/product\/aroomilambi-vaha-valmistamise-komplekt\/","title":{"rendered":"Aroomilambi vaha valmistamise komplekt"},"content":{"rendered":"<p>Kui on soov valmistada midagi l\u00f5\u00f5gastavat ja lihtsat on just see komplekt ideaalne lahendus. Samuti sobib komplekt kingituseks k\u00f5igile, kes isetegemisest r\u00f5\u00f5mu tunnevad. Valmistatud aroomivaha tuleb asetada aroomilambi \u00fclemisse ossa ning all s\u00fc\u00fcdata teek\u00fc\u00fcnal. Vaha hakkab sulama, t\u00e4ites ruumi meeldiva aroomiga. Kustutades teek\u00fc\u00fcnla tahkub vaha ja kui k\u00fc\u00fcnal j\u00e4lle p\u00f5lema panna hakkab vaha j\u00e4llegi sulama.<\/p>\n<p>&nbsp;<\/p>\n<p>Komplekt sisaldab:<\/p>\n<p>1 Aroomilamp<\/p>\n<p>1 Teek\u00fc\u00fcnal<\/p>\n<p>1 vorm (sisaldab nelja erinevat kujundit)<\/p>\n<p>10 ml l\u00f5hna<\/p>\n<p>3 v\u00e4rvipulka (pruun, oran\u017e, kollane)<\/p>\n<p>150 g 100% r\u00fcpsivaha<\/p>\n<p>&nbsp;<\/p>\n<p>Valmistamine:<\/p>\n<p>Sulatege vesivanni potis vaha. Lisage soovitud l\u00f5hn ja v\u00e4rvaine. Segage segu korralikult l\u00e4bi. Valage segu vormi ja j\u00e4tke tahkuma. V\u00f5tke tahkunud vaha vormist ning hakake kasutama.<\/p>","protected":false},"excerpt":{"rendered":"<p>Kui on soov valmistada midagi l\u00f5\u00f5gastavat ja lihtsat on just see komplekt ideaalne lahendus. Samuti sobib komplekt kingituseks k\u00f5igile, kes isetegemisest r\u00f5\u00f5mu tunnevad. Valmistatud aroomivaha tuleb asetada aroomilambi \u00fclemisse ossa ning all s\u00fc\u00fcdata teek\u00fc\u00fcnal. Vaha hakkab sulama, t\u00e4ites ruumi meeldiva aroomiga. Kustutades teek\u00fc\u00fcnla tahkub vaha ja kui k\u00fc\u00fcnal j\u00e4lle p\u00f5lema panna hakkab vaha j\u00e4llegi sulama.<\/p>\n<p>&nbsp;<\/p>\n<p>Komplekt sisaldab:<\/p>\n<p>1 Aroomilamp<\/p>\n<p>1 Teek\u00fc\u00fcnal<\/p>\n<p>1 vorm (sisaldab nelja erinevat kujundit)<\/p>\n<p>10 ml l\u00f5hna<\/p>\n<p>3 v\u00e4rvipulka (pruun, oran\u017e, kollane)<\/p>\n<p>150 g 100% r\u00fcpsivaha<\/p>","protected":false},"featured_media":6278,"template":"","meta":[],"product_brand":[],"product_cat":[263,989,1007,1005],"product_tag":[],"class_list":{"0":"post-6277","1":"product","2":"type-product","3":"status-publish","4":"has-post-thumbnail","6":"product_cat-brandid","7":"product_cat-graine-creative","8":"product_cat-komplektid","9":"product_cat-kuunalde-valmistamine","11":"first","12":"instock","13":"taxable","14":"shipping-taxable","15":"purchasable","16":"product-type-simple"},"jetpack_sharing_enabled":true,"_links":{"self":[{"href":"https:\/\/becreative.ee\/en\/wp-json\/wp\/v2\/product\/6277","targetHints":{"allow":["GET"]}}],"collection":[{"href":"https:\/\/becreative.ee\/en\/wp-json\/wp\/v2\/product"}],"about":[{"href":"https:\/\/becreative.ee\/en\/wp-json\/wp\/v2\/types\/product"}],"version-history":[{"count":1,"href":"https:\/\/becreative.ee\/en\/wp-json\/wp\/v2\/product\/6277\/revisions"}],"predecessor-version":[{"id":6281,"href":"https:\/\/becreative.ee\/en\/wp-json\/wp\/v2\/product\/6277\/revisions\/6281"}],"wp:featuredmedia":[{"embeddable":true,"href":"https:\/\/becreative.ee\/en\/wp-json\/wp\/v2\/media\/6278"}],"wp:attachment":[{"href":"https:\/\/becreative.ee\/en\/wp-json\/wp\/v2\/media?parent=6277"}],"wp:term":[{"taxonomy":"product_brand","embeddable":true,"href":"https:\/\/becreative.ee\/en\/wp-json\/wp\/v2\/product_brand?post=6277"},{"taxonomy":"product_cat","embeddable":true,"href":"https:\/\/becreative.ee\/en\/wp-json\/wp\/v2\/product_cat?post=6277"},{"taxonomy":"product_tag","embeddable":true,"href":"https:\/\/becreative.ee\/en\/wp-json\/wp\/v2\/product_tag?post=6277"}],"curies":[{"name":"wp","href":"https:\/\/api.w.org\/{rel}","templated":true}]}}