{"id":6300,"date":"2023-11-07T17:32:42","date_gmt":"2023-11-07T17:32:42","guid":{"rendered":"https:\/\/becreative.ee\/?post_type=product&#038;p=6300"},"modified":"2023-11-07T17:32:42","modified_gmt":"2023-11-07T17:32:42","slug":"cahlista","status":"publish","type":"product","link":"https:\/\/becreative.ee\/en\/product\/cahlista\/","title":{"rendered":"Cahlista"},"content":{"rendered":"<p>L\u00f5ng: 100 % puuvill<\/p>\n<p>V\u00e4rv: erinevad v\u00e4rvid<\/p>\n<p>Varda suurus: 4,5 \u2013 5 mm<\/p>\n<p>Heegeln\u00f5ela suurus: 4,5 \u2013 5 mm<\/p>\n<p>Kaal: 50 g<\/p>\n<p>L\u00f5nga pikkus: 85 m<\/p>\n<p>&nbsp;<\/p>\n<p>Pesujuhised:<\/p>\n<p><img decoding=\"async\" class=\"alignnone size-full wp-image-297\" src=\"https:\/\/becreative.ee\/wp-content\/uploads\/2020\/03\/triikimine_2_tappi.png\" alt=\"\" width=\"50\" height=\"50\" \/> \u00a0<img decoding=\"async\" class=\"alignnone size-full wp-image-299\" src=\"https:\/\/becreative.ee\/wp-content\/uploads\/2020\/03\/valgendamine-keelatud.png\" alt=\"\" width=\"50\" height=\"50\" \/> \u00a0\u00a0<img decoding=\"async\" class=\"alignnone size-full wp-image-302\" src=\"https:\/\/becreative.ee\/wp-content\/uploads\/2020\/03\/kuivatada_laotatult.png\" alt=\"\" width=\"50\" height=\"50\" \/> <img loading=\"lazy\" decoding=\"async\" class=\"alignnone size-full wp-image-1282\" src=\"https:\/\/becreative.ee\/wp-content\/uploads\/2020\/04\/pesemine_60-kraadi_orn_pesu.png\" alt=\"\" width=\"50\" height=\"50\" \/> <img loading=\"lazy\" decoding=\"async\" class=\"alignnone size-full wp-image-1014\" src=\"https:\/\/becreative.ee\/wp-content\/uploads\/2020\/04\/pesumajale_antav_teave_pesuvahendi_tekstiili_kohta.png\" alt=\"\" width=\"50\" height=\"50\" \/> <img loading=\"lazy\" decoding=\"async\" class=\"alignnone size-full wp-image-3902\" src=\"https:\/\/becreative.ee\/wp-content\/uploads\/2021\/09\/trummelkuivatus-on-lubatud.png\" alt=\"\" width=\"50\" height=\"50\" srcset=\"https:\/\/becreative.ee\/wp-content\/uploads\/2021\/09\/trummelkuivatus-on-lubatud.png 50w, https:\/\/becreative.ee\/wp-content\/uploads\/2021\/09\/trummelkuivatus-on-lubatud-12x12.png 12w\" sizes=\"(max-width: 50px) 100vw, 50px\" \/><\/p>\n<p>&nbsp;<\/p>\n<p>Cahlista on valmistatud 100% naturaalsest puuvillast. Pehme l\u00f5ng sobib kasutamiseks alates laste- ja imikuter\u00f5ivastest kuni amiguumi ja tekstiilini. L\u00f5ng on EN71-3 sertifikaadiga ja sobib seega tundliku nahaga inimestele. L\u00f5nga v\u00e4rvid sobivad kokku Catona, Sweet Treat ja Sugar Rush toonidega.<\/p>","protected":false},"excerpt":{"rendered":"<p>L\u00f5ng: 100 % puuvill<\/p>\n<p>V\u00e4rv: erinevad v\u00e4rvid<\/p>\n<p>Varda suurus: 4,5 \u2013 5 mm<\/p>\n<p>Heegeln\u00f5ela suurus: 4,5 \u2013 5 mm<\/p>\n<p>Kaal: 50 g<\/p>\n<p>L\u00f5nga pikkus: 85 m<\/p>","protected":false},"featured_media":6298,"template":"","meta":[],"product_brand":[],"product_cat":[263,23,41,264],"product_tag":[],"class_list":{"0":"post-6300","1":"product","2":"type-product","3":"status-publish","4":"has-post-thumbnail","6":"product_cat-brandid","7":"product_cat-longad","8":"product_cat-puuvillane-long","9":"product_cat-scheepjes","11":"first","12":"instock","13":"taxable","14":"shipping-taxable","15":"purchasable","16":"product-type-variable"},"jetpack_sharing_enabled":true,"_links":{"self":[{"href":"https:\/\/becreative.ee\/en\/wp-json\/wp\/v2\/product\/6300","targetHints":{"allow":["GET"]}}],"collection":[{"href":"https:\/\/becreative.ee\/en\/wp-json\/wp\/v2\/product"}],"about":[{"href":"https:\/\/becreative.ee\/en\/wp-json\/wp\/v2\/types\/product"}],"version-history":[{"count":1,"href":"https:\/\/becreative.ee\/en\/wp-json\/wp\/v2\/product\/6300\/revisions"}],"predecessor-version":[{"id":6305,"href":"https:\/\/becreative.ee\/en\/wp-json\/wp\/v2\/product\/6300\/revisions\/6305"}],"wp:featuredmedia":[{"embeddable":true,"href":"https:\/\/becreative.ee\/en\/wp-json\/wp\/v2\/media\/6298"}],"wp:attachment":[{"href":"https:\/\/becreative.ee\/en\/wp-json\/wp\/v2\/media?parent=6300"}],"wp:term":[{"taxonomy":"product_brand","embeddable":true,"href":"https:\/\/becreative.ee\/en\/wp-json\/wp\/v2\/product_brand?post=6300"},{"taxonomy":"product_cat","embeddable":true,"href":"https:\/\/becreative.ee\/en\/wp-json\/wp\/v2\/product_cat?post=6300"},{"taxonomy":"product_tag","embeddable":true,"href":"https:\/\/becreative.ee\/en\/wp-json\/wp\/v2\/product_tag?post=6300"}],"curies":[{"name":"wp","href":"https:\/\/api.w.org\/{rel}","templated":true}]}}