{"id":6315,"date":"2023-11-08T18:28:45","date_gmt":"2023-11-08T18:28:45","guid":{"rendered":"https:\/\/becreative.ee\/?post_type=product&#038;p=6315"},"modified":"2023-11-08T18:29:28","modified_gmt":"2023-11-08T18:29:28","slug":"knitpro-sukavardad-karbonz-15-mm","status":"publish","type":"product","link":"https:\/\/becreative.ee\/en\/product\/knitpro-sukavardad-karbonz-15-mm\/","title":{"rendered":"KnitPro sukavardad Karbonz 1,5 mm"},"content":{"rendered":"<p>Mustad vardad on valmistatud s\u00fcsinikkiust. H\u00f5bedased varda otsad aga tsingitud messingust. Vastupidavad ja tugevad vardad on mugavad ning j\u00e4rk-j\u00e4rgult kitsenevate otstega on v\u00f5imalik kududa v\u00e4ga erinevaid esemeid. Varda pikkus 20 cm.<\/p>","protected":false},"excerpt":{"rendered":"<p>Mustad vardad on valmistatud s\u00fcsinikkiust. H\u00f5bedased varda otsad aga tsingitud messingust. Vastupidavad ja tugevad vardad on mugavad ning j\u00e4rk-j\u00e4rgult kitsenevate otstega on v\u00f5imalik kududa v\u00e4ga erinevaid esemeid. Varda pikkus 20 cm.<\/p>","protected":false},"featured_media":6312,"template":"","meta":[],"product_brand":[],"product_cat":[263,321,782,791],"product_tag":[],"class_list":{"0":"post-6315","1":"product","2":"type-product","3":"status-publish","4":"has-post-thumbnail","6":"product_cat-brandid","7":"product_cat-knitpro","8":"product_cat-kudumine","9":"product_cat-vardad-kudumine","11":"first","12":"instock","13":"taxable","14":"shipping-taxable","15":"purchasable","16":"product-type-simple"},"jetpack_sharing_enabled":true,"_links":{"self":[{"href":"https:\/\/becreative.ee\/en\/wp-json\/wp\/v2\/product\/6315","targetHints":{"allow":["GET"]}}],"collection":[{"href":"https:\/\/becreative.ee\/en\/wp-json\/wp\/v2\/product"}],"about":[{"href":"https:\/\/becreative.ee\/en\/wp-json\/wp\/v2\/types\/product"}],"version-history":[{"count":1,"href":"https:\/\/becreative.ee\/en\/wp-json\/wp\/v2\/product\/6315\/revisions"}],"predecessor-version":[{"id":6316,"href":"https:\/\/becreative.ee\/en\/wp-json\/wp\/v2\/product\/6315\/revisions\/6316"}],"wp:featuredmedia":[{"embeddable":true,"href":"https:\/\/becreative.ee\/en\/wp-json\/wp\/v2\/media\/6312"}],"wp:attachment":[{"href":"https:\/\/becreative.ee\/en\/wp-json\/wp\/v2\/media?parent=6315"}],"wp:term":[{"taxonomy":"product_brand","embeddable":true,"href":"https:\/\/becreative.ee\/en\/wp-json\/wp\/v2\/product_brand?post=6315"},{"taxonomy":"product_cat","embeddable":true,"href":"https:\/\/becreative.ee\/en\/wp-json\/wp\/v2\/product_cat?post=6315"},{"taxonomy":"product_tag","embeddable":true,"href":"https:\/\/becreative.ee\/en\/wp-json\/wp\/v2\/product_tag?post=6315"}],"curies":[{"name":"wp","href":"https:\/\/api.w.org\/{rel}","templated":true}]}}