{"id":6318,"date":"2023-11-09T19:25:10","date_gmt":"2023-11-09T19:25:10","guid":{"rendered":"https:\/\/becreative.ee\/?post_type=product&#038;p=6318"},"modified":"2023-11-09T19:25:10","modified_gmt":"2023-11-09T19:25:10","slug":"puidust-kuunlataht","status":"publish","type":"product","link":"https:\/\/becreative.ee\/en\/product\/puidust-kuunlataht\/","title":{"rendered":"Puidust k\u00fc\u00fcnlataht"},"content":{"rendered":"<p>Puidust taht p\u00f5leb aeglasemalt kui klassikaline puuvillane taht. See v\u00f5imaldab k\u00fc\u00fcnalt kauem ja \u00fchtlasemalt p\u00f5letada. Pakendis on 10 puidust k\u00fc\u00fcnlatahti koos metallist jalaga. Suurus 13 x 130 mm.<\/p>","protected":false},"excerpt":{"rendered":"<p>Puidust taht p\u00f5leb aeglasemalt kui klassikaline puuvillane taht. See v\u00f5imaldab k\u00fc\u00fcnalt kauem ja \u00fchtlasemalt p\u00f5letada. Pakendis on 10 puidust k\u00fc\u00fcnlatahti koos metallist jalaga. Suurus 13 x 130 mm.<\/p>","protected":false},"featured_media":6319,"template":"","meta":[],"product_brand":[],"product_cat":[263,989,1005,1301],"product_tag":[],"class_list":{"0":"post-6318","1":"product","2":"type-product","3":"status-publish","4":"has-post-thumbnail","6":"product_cat-brandid","7":"product_cat-graine-creative","8":"product_cat-kuunalde-valmistamine","9":"product_cat-taht","11":"first","12":"instock","13":"taxable","14":"shipping-taxable","15":"purchasable","16":"product-type-simple"},"jetpack_sharing_enabled":true,"_links":{"self":[{"href":"https:\/\/becreative.ee\/en\/wp-json\/wp\/v2\/product\/6318","targetHints":{"allow":["GET"]}}],"collection":[{"href":"https:\/\/becreative.ee\/en\/wp-json\/wp\/v2\/product"}],"about":[{"href":"https:\/\/becreative.ee\/en\/wp-json\/wp\/v2\/types\/product"}],"version-history":[{"count":1,"href":"https:\/\/becreative.ee\/en\/wp-json\/wp\/v2\/product\/6318\/revisions"}],"predecessor-version":[{"id":6320,"href":"https:\/\/becreative.ee\/en\/wp-json\/wp\/v2\/product\/6318\/revisions\/6320"}],"wp:featuredmedia":[{"embeddable":true,"href":"https:\/\/becreative.ee\/en\/wp-json\/wp\/v2\/media\/6319"}],"wp:attachment":[{"href":"https:\/\/becreative.ee\/en\/wp-json\/wp\/v2\/media?parent=6318"}],"wp:term":[{"taxonomy":"product_brand","embeddable":true,"href":"https:\/\/becreative.ee\/en\/wp-json\/wp\/v2\/product_brand?post=6318"},{"taxonomy":"product_cat","embeddable":true,"href":"https:\/\/becreative.ee\/en\/wp-json\/wp\/v2\/product_cat?post=6318"},{"taxonomy":"product_tag","embeddable":true,"href":"https:\/\/becreative.ee\/en\/wp-json\/wp\/v2\/product_tag?post=6318"}],"curies":[{"name":"wp","href":"https:\/\/api.w.org\/{rel}","templated":true}]}}