{"id":6321,"date":"2023-11-09T19:33:35","date_gmt":"2023-11-09T19:33:35","guid":{"rendered":"https:\/\/becreative.ee\/?post_type=product&#038;p=6321"},"modified":"2025-04-03T15:54:30","modified_gmt":"2025-04-03T15:54:30","slug":"puidust-parlite-assortii","status":"publish","type":"product","link":"https:\/\/becreative.ee\/en\/product\/puidust-parlite-assortii\/","title":{"rendered":"Puidust p\u00e4rlite assortii"},"content":{"rendered":"<p>P\u00e4rild on m\u00f5eldud erinevate k\u00e4sit\u00f6\u00f6projektide valmistamiseks. N\u00e4iteks sobivad need suurep\u00e4raselt makramee kaunistuste osana v\u00f5i eraldi kaunistuste loomiseks. Pakis on 40 erineva kujuga (s\u00fcda, t\u00e4ht, nelinurk) puidust p\u00e4rlit.<\/p>","protected":false},"excerpt":{"rendered":"<p>P\u00e4rild on m\u00f5eldud erinevate k\u00e4sit\u00f6\u00f6projektide valmistamiseks. N\u00e4iteks sobivad need suurep\u00e4raselt makramee kaunistuste osana v\u00f5i eraldi kaunistuste loomiseks. Pakis on 40 erineva kujuga (s\u00fcda, t\u00e4ht, nelinurk) puidust p\u00e4rlit.<\/p>","protected":false},"featured_media":6322,"template":"","meta":[],"product_brand":[],"product_cat":[263,989,912,17,915,58,205],"product_tag":[],"class_list":{"0":"post-6321","1":"product","2":"type-product","3":"status-publish","4":"has-post-thumbnail","6":"product_cat-brandid","7":"product_cat-graine-creative","8":"product_cat-makramee","9":"product_cat-manguasjadevalmistamine","10":"product_cat-parlid-makramee","11":"product_cat-parlid","12":"product_cat-puidust-parlid","14":"first","15":"instock","16":"taxable","17":"shipping-taxable","18":"purchasable","19":"product-type-simple"},"jetpack_sharing_enabled":true,"_links":{"self":[{"href":"https:\/\/becreative.ee\/en\/wp-json\/wp\/v2\/product\/6321","targetHints":{"allow":["GET"]}}],"collection":[{"href":"https:\/\/becreative.ee\/en\/wp-json\/wp\/v2\/product"}],"about":[{"href":"https:\/\/becreative.ee\/en\/wp-json\/wp\/v2\/types\/product"}],"version-history":[{"count":1,"href":"https:\/\/becreative.ee\/en\/wp-json\/wp\/v2\/product\/6321\/revisions"}],"predecessor-version":[{"id":6325,"href":"https:\/\/becreative.ee\/en\/wp-json\/wp\/v2\/product\/6321\/revisions\/6325"}],"wp:featuredmedia":[{"embeddable":true,"href":"https:\/\/becreative.ee\/en\/wp-json\/wp\/v2\/media\/6322"}],"wp:attachment":[{"href":"https:\/\/becreative.ee\/en\/wp-json\/wp\/v2\/media?parent=6321"}],"wp:term":[{"taxonomy":"product_brand","embeddable":true,"href":"https:\/\/becreative.ee\/en\/wp-json\/wp\/v2\/product_brand?post=6321"},{"taxonomy":"product_cat","embeddable":true,"href":"https:\/\/becreative.ee\/en\/wp-json\/wp\/v2\/product_cat?post=6321"},{"taxonomy":"product_tag","embeddable":true,"href":"https:\/\/becreative.ee\/en\/wp-json\/wp\/v2\/product_tag?post=6321"}],"curies":[{"name":"wp","href":"https:\/\/api.w.org\/{rel}","templated":true}]}}