{"id":6357,"date":"2023-11-26T16:16:38","date_gmt":"2023-11-26T16:16:38","guid":{"rendered":"https:\/\/becreative.ee\/?post_type=product&#038;p=6357"},"modified":"2023-11-26T16:17:36","modified_gmt":"2023-11-26T16:17:36","slug":"kopeerpaber","status":"publish","type":"product","link":"https:\/\/becreative.ee\/en\/product\/kopeerpaber\/","title":{"rendered":"Kopeerpaber"},"content":{"rendered":"<p>Kopeerpaberiga on v\u00f5imalik kanda \u00fchelt pinnalt teisele erinevaid kujundusi ja pilte. Sobib kujutise \u00fclekandmiseks l\u00f5uendile, paberile, puidule, klaasile, metallile, keraamikale jne. Pakendis on 50 A4 suurust (21 x 29,7 cm) sinist lehte.<\/p>","protected":false},"excerpt":{"rendered":"<p>Kopeerpaberiga on v\u00f5imalik kanda \u00fchelt pinnalt teisele erinevaid kujundusi ja pilte. Sobib kujutise \u00fclekandmiseks l\u00f5uendile, paberile, puidule, klaasile, metallile, keraamikale jne. Pakendis on 50 A4 suurust (21 x 29,7 cm) sinist lehte.<\/p>","protected":false},"featured_media":6358,"template":"","meta":[],"product_brand":[],"product_cat":[263,989,279,1064],"product_tag":[],"class_list":{"0":"post-6357","1":"product","2":"type-product","3":"status-publish","4":"has-post-thumbnail","6":"product_cat-brandid","7":"product_cat-graine-creative","8":"product_cat-kasitooks-vajalik","9":"product_cat-siirdepaber","11":"first","12":"instock","13":"taxable","14":"shipping-taxable","15":"purchasable","16":"product-type-simple"},"jetpack_sharing_enabled":true,"_links":{"self":[{"href":"https:\/\/becreative.ee\/en\/wp-json\/wp\/v2\/product\/6357","targetHints":{"allow":["GET"]}}],"collection":[{"href":"https:\/\/becreative.ee\/en\/wp-json\/wp\/v2\/product"}],"about":[{"href":"https:\/\/becreative.ee\/en\/wp-json\/wp\/v2\/types\/product"}],"version-history":[{"count":2,"href":"https:\/\/becreative.ee\/en\/wp-json\/wp\/v2\/product\/6357\/revisions"}],"predecessor-version":[{"id":6361,"href":"https:\/\/becreative.ee\/en\/wp-json\/wp\/v2\/product\/6357\/revisions\/6361"}],"wp:featuredmedia":[{"embeddable":true,"href":"https:\/\/becreative.ee\/en\/wp-json\/wp\/v2\/media\/6358"}],"wp:attachment":[{"href":"https:\/\/becreative.ee\/en\/wp-json\/wp\/v2\/media?parent=6357"}],"wp:term":[{"taxonomy":"product_brand","embeddable":true,"href":"https:\/\/becreative.ee\/en\/wp-json\/wp\/v2\/product_brand?post=6357"},{"taxonomy":"product_cat","embeddable":true,"href":"https:\/\/becreative.ee\/en\/wp-json\/wp\/v2\/product_cat?post=6357"},{"taxonomy":"product_tag","embeddable":true,"href":"https:\/\/becreative.ee\/en\/wp-json\/wp\/v2\/product_tag?post=6357"}],"curies":[{"name":"wp","href":"https:\/\/api.w.org\/{rel}","templated":true}]}}