{"id":6362,"date":"2023-11-26T16:29:31","date_gmt":"2023-11-26T16:29:31","guid":{"rendered":"https:\/\/becreative.ee\/?post_type=product&#038;p=6362"},"modified":"2023-11-26T16:29:31","modified_gmt":"2023-11-26T16:29:31","slug":"knitpro-puidust-noelad","status":"publish","type":"product","link":"https:\/\/becreative.ee\/en\/product\/knitpro-puidust-noelad\/","title":{"rendered":"KnitPro puidust n\u00f5elad"},"content":{"rendered":"<p>Komplekt sisaldab kahes erinevas suuruses (2 v\u00e4iksemat, 2 suuremat) sinakaspruune puidust n\u00f5elu, puidust topsi n\u00f5elte hoiustamiseks ning pisikest kotikest. N\u00f5elad on m\u00f5eldud erinevate kudumite \u00f5mblemiseks.<\/p>","protected":false},"excerpt":{"rendered":"<p>Komplekt sisaldab kahes erinevas suuruses (2 v\u00e4iksemat, 2 suuremat) sinakaspruune puidust n\u00f5elu, puidust topsi n\u00f5elte hoiustamiseks ning pisikest kotikest. N\u00f5elad on m\u00f5eldud erinevate kudumite \u00f5mblemiseks.<\/p>","protected":false},"featured_media":6363,"template":"","meta":[],"product_brand":[],"product_cat":[263,783,785,279,321,782,784,786],"product_tag":[],"class_list":{"0":"post-6362","1":"product","2":"type-product","3":"status-publish","4":"has-post-thumbnail","6":"product_cat-brandid","7":"product_cat-heegeldamine","8":"product_cat-heegeldamise-abivahendid","9":"product_cat-kasitooks-vajalik","10":"product_cat-knitpro","11":"product_cat-kudumine","12":"product_cat-kudumise-abivahendid","13":"product_cat-noelad-materjalid","15":"first","16":"instock","17":"taxable","18":"shipping-taxable","19":"purchasable","20":"product-type-simple"},"jetpack_sharing_enabled":true,"_links":{"self":[{"href":"https:\/\/becreative.ee\/en\/wp-json\/wp\/v2\/product\/6362","targetHints":{"allow":["GET"]}}],"collection":[{"href":"https:\/\/becreative.ee\/en\/wp-json\/wp\/v2\/product"}],"about":[{"href":"https:\/\/becreative.ee\/en\/wp-json\/wp\/v2\/types\/product"}],"version-history":[{"count":1,"href":"https:\/\/becreative.ee\/en\/wp-json\/wp\/v2\/product\/6362\/revisions"}],"predecessor-version":[{"id":6365,"href":"https:\/\/becreative.ee\/en\/wp-json\/wp\/v2\/product\/6362\/revisions\/6365"}],"wp:featuredmedia":[{"embeddable":true,"href":"https:\/\/becreative.ee\/en\/wp-json\/wp\/v2\/media\/6363"}],"wp:attachment":[{"href":"https:\/\/becreative.ee\/en\/wp-json\/wp\/v2\/media?parent=6362"}],"wp:term":[{"taxonomy":"product_brand","embeddable":true,"href":"https:\/\/becreative.ee\/en\/wp-json\/wp\/v2\/product_brand?post=6362"},{"taxonomy":"product_cat","embeddable":true,"href":"https:\/\/becreative.ee\/en\/wp-json\/wp\/v2\/product_cat?post=6362"},{"taxonomy":"product_tag","embeddable":true,"href":"https:\/\/becreative.ee\/en\/wp-json\/wp\/v2\/product_tag?post=6362"}],"curies":[{"name":"wp","href":"https:\/\/api.w.org\/{rel}","templated":true}]}}