{"id":6373,"date":"2023-12-04T17:23:13","date_gmt":"2023-12-04T17:23:13","guid":{"rendered":"https:\/\/becreative.ee\/?post_type=product&#038;p=6373"},"modified":"2023-12-04T17:23:14","modified_gmt":"2023-12-04T17:23:14","slug":"linoolloike-suur-komplekt","status":"publish","type":"product","link":"https:\/\/becreative.ee\/en\/product\/linoolloike-suur-komplekt\/","title":{"rendered":"Linooll\u00f5ike suur komplekt"},"content":{"rendered":"<p>See Speedballi komplekt sobib algajale graafilise kunsti disainerile v\u00f5i harrastajale. Stardikomplekt sisaldab k\u00f5ike vajalikku esimese t\u00f6\u00f6 valmistamiseks. Komplekti kuulub:<\/p>\n<p>Linooll\u00f5ike rull (laiusega 10 cm)<\/p>\n<p>Linooll\u00f5ike nuga koos kolme erineva teraga (numbritega 1, 2 ja 5)<\/p>\n<p>Linoolplaat suurusega 10 x 15 cm<\/p>\n<p>Veebaasil must linooll\u00f5ikev\u00e4rv 37 mL<\/p>","protected":false},"excerpt":{"rendered":"<p>See Speedballi komplekt sobib algajale graafilise kunsti disainerile v\u00f5i harrastajale. Stardikomplekt sisaldab k\u00f5ike vajalikku esimese t\u00f6\u00f6 valmistamiseks. Komplekti kuulub:<\/p>\n<p>Linooll\u00f5ike rull (laiusega 10 cm)<\/p>\n<p>Linooll\u00f5ike nuga koos kolme erineva teraga (numbritega 1, 2 ja 5)<\/p>\n<p>Linoolplaat suurusega 10 x 15 cm<\/p>\n<p>Veebaasil must linooll\u00f5ikev\u00e4rv 37 mL<\/p>","protected":false},"featured_media":6374,"template":"","meta":[],"product_brand":[],"product_cat":[263,1295,847,1116],"product_tag":[],"class_list":{"0":"post-6373","1":"product","2":"type-product","3":"status-publish","4":"has-post-thumbnail","6":"product_cat-brandid","7":"product_cat-linoolloige","8":"product_cat-speedball","9":"product_cat-teised-tehnikad","11":"first","12":"instock","13":"taxable","14":"shipping-taxable","15":"purchasable","16":"product-type-simple"},"jetpack_sharing_enabled":true,"_links":{"self":[{"href":"https:\/\/becreative.ee\/en\/wp-json\/wp\/v2\/product\/6373","targetHints":{"allow":["GET"]}}],"collection":[{"href":"https:\/\/becreative.ee\/en\/wp-json\/wp\/v2\/product"}],"about":[{"href":"https:\/\/becreative.ee\/en\/wp-json\/wp\/v2\/types\/product"}],"version-history":[{"count":1,"href":"https:\/\/becreative.ee\/en\/wp-json\/wp\/v2\/product\/6373\/revisions"}],"predecessor-version":[{"id":6376,"href":"https:\/\/becreative.ee\/en\/wp-json\/wp\/v2\/product\/6373\/revisions\/6376"}],"wp:featuredmedia":[{"embeddable":true,"href":"https:\/\/becreative.ee\/en\/wp-json\/wp\/v2\/media\/6374"}],"wp:attachment":[{"href":"https:\/\/becreative.ee\/en\/wp-json\/wp\/v2\/media?parent=6373"}],"wp:term":[{"taxonomy":"product_brand","embeddable":true,"href":"https:\/\/becreative.ee\/en\/wp-json\/wp\/v2\/product_brand?post=6373"},{"taxonomy":"product_cat","embeddable":true,"href":"https:\/\/becreative.ee\/en\/wp-json\/wp\/v2\/product_cat?post=6373"},{"taxonomy":"product_tag","embeddable":true,"href":"https:\/\/becreative.ee\/en\/wp-json\/wp\/v2\/product_tag?post=6373"}],"curies":[{"name":"wp","href":"https:\/\/api.w.org\/{rel}","templated":true}]}}