{"id":6393,"date":"2023-12-29T11:00:49","date_gmt":"2023-12-29T11:00:49","guid":{"rendered":"https:\/\/becreative.ee\/?post_type=product&#038;p=6393"},"modified":"2025-05-29T06:44:13","modified_gmt":"2025-05-29T06:44:13","slug":"makramee-alus","status":"publish","type":"product","link":"https:\/\/becreative.ee\/en\/product\/makramee-alus\/","title":{"rendered":"Makramee alus"},"content":{"rendered":"<p>Naturaalsest korgist valmistatud makramee alus abistab teid erinevates makramee projektides. Kork on looduslik ja j\u00e4tkusuutlik materjal, mis on korjatud Portugalist korgipuult. Kork on t\u00e4ielikult biolagunev. Alus on m\u00f5\u00f5tmetega 34,5 x 24,5 cm ja paksus on v\u00e4hemalt 2 cm. Kaasas on 10 T-n\u00f6\u00f6pn\u00f5ela, millega saab n\u00f6\u00f6ri alusele kinnitada.<\/p>","protected":false},"excerpt":{"rendered":"<p>Naturaalsest korgist valmistatud makramee alus abistab teid erinevates makramee projektides. Kork on looduslik ja j\u00e4tkusuutlik materjal, mis on korjatud Portugalist korgipuult. Kork on t\u00e4ielikult biolagunev. Alus on m\u00f5\u00f5tmetega 34,5 x 24,5 cm ja paksus on v\u00e4hemalt 2 cm. Kaasas on 10 T-n\u00f6\u00f6pn\u00f5ela, millega saab n\u00f6\u00f6ri alusele kinnitada.<\/p>","protected":false},"featured_media":6395,"template":"","meta":[],"product_brand":[],"product_cat":[263,270,912,990],"product_tag":[],"class_list":{"0":"post-6393","1":"product","2":"type-product","3":"status-publish","4":"has-post-thumbnail","6":"product_cat-brandid","7":"product_cat-hoooked","8":"product_cat-makramee","9":"product_cat-tooriistad-makramee","11":"first","12":"outofstock","13":"taxable","14":"shipping-taxable","15":"purchasable","16":"product-type-simple"},"jetpack_sharing_enabled":true,"_links":{"self":[{"href":"https:\/\/becreative.ee\/en\/wp-json\/wp\/v2\/product\/6393","targetHints":{"allow":["GET"]}}],"collection":[{"href":"https:\/\/becreative.ee\/en\/wp-json\/wp\/v2\/product"}],"about":[{"href":"https:\/\/becreative.ee\/en\/wp-json\/wp\/v2\/types\/product"}],"version-history":[{"count":1,"href":"https:\/\/becreative.ee\/en\/wp-json\/wp\/v2\/product\/6393\/revisions"}],"predecessor-version":[{"id":6396,"href":"https:\/\/becreative.ee\/en\/wp-json\/wp\/v2\/product\/6393\/revisions\/6396"}],"wp:featuredmedia":[{"embeddable":true,"href":"https:\/\/becreative.ee\/en\/wp-json\/wp\/v2\/media\/6395"}],"wp:attachment":[{"href":"https:\/\/becreative.ee\/en\/wp-json\/wp\/v2\/media?parent=6393"}],"wp:term":[{"taxonomy":"product_brand","embeddable":true,"href":"https:\/\/becreative.ee\/en\/wp-json\/wp\/v2\/product_brand?post=6393"},{"taxonomy":"product_cat","embeddable":true,"href":"https:\/\/becreative.ee\/en\/wp-json\/wp\/v2\/product_cat?post=6393"},{"taxonomy":"product_tag","embeddable":true,"href":"https:\/\/becreative.ee\/en\/wp-json\/wp\/v2\/product_tag?post=6393"}],"curies":[{"name":"wp","href":"https:\/\/api.w.org\/{rel}","templated":true}]}}