{"id":6397,"date":"2023-12-29T11:11:00","date_gmt":"2023-12-29T11:11:00","guid":{"rendered":"https:\/\/becreative.ee\/?post_type=product&#038;p=6397"},"modified":"2024-09-08T07:22:41","modified_gmt":"2024-09-08T07:22:41","slug":"pilvekujuline-raam","status":"publish","type":"product","link":"https:\/\/becreative.ee\/en\/product\/pilvekujuline-raam\/","title":{"rendered":"Pilvekujuline raam"},"content":{"rendered":"<p>Pilvekujuline raam on m\u00f5eldud makramee- ja teiste isetegemisprojektide tarbeks. Raam on valmistatud 100% \u00fcmbert\u00f6\u00f6deldud majapidamisplastikust (PET). Pilve laius 21 cm.\u00a0 V\u00e4rvus: uduhall.<\/p>","protected":false},"excerpt":{"rendered":"<p>Pilvekujuline raam on m\u00f5eldud makramee- ja teiste isetegemisprojektide tarbeks. Raam on valmistatud 100% \u00fcmbert\u00f6\u00f6deldud majapidamisplastikust (PET). Pilve laius 21 cm.\u00a0 V\u00e4rvus: uduhall.<\/p>","protected":false},"featured_media":6398,"template":"","meta":[],"product_brand":[],"product_cat":[263,270,279,912,340,914],"product_tag":[],"class_list":{"0":"post-6397","1":"product","2":"type-product","3":"status-publish","4":"has-post-thumbnail","6":"product_cat-brandid","7":"product_cat-hoooked","8":"product_cat-kasitooks-vajalik","9":"product_cat-makramee","10":"product_cat-rongad","11":"product_cat-rongad-makramee","13":"first","14":"instock","15":"taxable","16":"shipping-taxable","17":"purchasable","18":"product-type-simple"},"jetpack_sharing_enabled":true,"_links":{"self":[{"href":"https:\/\/becreative.ee\/en\/wp-json\/wp\/v2\/product\/6397","targetHints":{"allow":["GET"]}}],"collection":[{"href":"https:\/\/becreative.ee\/en\/wp-json\/wp\/v2\/product"}],"about":[{"href":"https:\/\/becreative.ee\/en\/wp-json\/wp\/v2\/types\/product"}],"version-history":[{"count":1,"href":"https:\/\/becreative.ee\/en\/wp-json\/wp\/v2\/product\/6397\/revisions"}],"predecessor-version":[{"id":6399,"href":"https:\/\/becreative.ee\/en\/wp-json\/wp\/v2\/product\/6397\/revisions\/6399"}],"wp:featuredmedia":[{"embeddable":true,"href":"https:\/\/becreative.ee\/en\/wp-json\/wp\/v2\/media\/6398"}],"wp:attachment":[{"href":"https:\/\/becreative.ee\/en\/wp-json\/wp\/v2\/media?parent=6397"}],"wp:term":[{"taxonomy":"product_brand","embeddable":true,"href":"https:\/\/becreative.ee\/en\/wp-json\/wp\/v2\/product_brand?post=6397"},{"taxonomy":"product_cat","embeddable":true,"href":"https:\/\/becreative.ee\/en\/wp-json\/wp\/v2\/product_cat?post=6397"},{"taxonomy":"product_tag","embeddable":true,"href":"https:\/\/becreative.ee\/en\/wp-json\/wp\/v2\/product_tag?post=6397"}],"curies":[{"name":"wp","href":"https:\/\/api.w.org\/{rel}","templated":true}]}}