{"id":6406,"date":"2023-12-29T12:52:46","date_gmt":"2023-12-29T12:52:46","guid":{"rendered":"https:\/\/becreative.ee\/?post_type=product&#038;p=6406"},"modified":"2026-02-17T08:37:18","modified_gmt":"2026-02-17T08:37:18","slug":"vineerist-pohi-heegeldamiseks-20-cm","status":"publish","type":"product","link":"https:\/\/becreative.ee\/en\/product\/vineerist-pohi-heegeldamiseks-20-cm\/","title":{"rendered":"Vineerist p\u00f5hi heegeldamiseks 20 cm"},"content":{"rendered":"<p>FSC-sertifikaadiga puidust valmistatud alus sobib kasutamiseks erinevate kandikute, korvide ja karpide heegeldust\u00f6\u00f6de p\u00f5hjaks. P\u00f5hja \u00e4\u00e4ristavate aukude diameeter on 9 mm. P\u00f5hi on lihvitud m\u00f5lemalt poolt aga viimistlusainetega t\u00f6\u00f6tlemata ja seega on seda v\u00f5imalik soovi korral \u00f5litada, peitsida lakkida v\u00f5i v\u00e4rvida. Suurus 20 cm.<\/p>","protected":false},"excerpt":{"rendered":"<p>FSC-sertifikaadiga puidust valmistatud alus sobib kasutamiseks erinevate kandikute, korvide ja karpide heegeldust\u00f6\u00f6de p\u00f5hjaks. P\u00f5hja \u00e4\u00e4ristavate aukude diameeter on 9 mm. P\u00f5hi on lihvitud m\u00f5lemalt poolt aga viimistlusainetega t\u00f6\u00f6tlemata ja seega on seda v\u00f5imalik soovi korral \u00f5litada, peitsida lakkida v\u00f5i v\u00e4rvida. Suurus 20 cm.<\/p>","protected":false},"featured_media":6407,"template":"","meta":[],"product_brand":[],"product_cat":[263,270,225,234],"product_tag":[],"class_list":{"0":"post-6406","1":"product","2":"type-product","3":"status-publish","4":"has-post-thumbnail","6":"product_cat-brandid","7":"product_cat-hoooked","8":"product_cat-korvide-tarvikud","9":"product_cat-vineerist-pohjad-ja-kaaned","11":"first","12":"instock","13":"taxable","14":"shipping-taxable","15":"purchasable","16":"product-type-simple"},"jetpack_sharing_enabled":true,"_links":{"self":[{"href":"https:\/\/becreative.ee\/en\/wp-json\/wp\/v2\/product\/6406","targetHints":{"allow":["GET"]}}],"collection":[{"href":"https:\/\/becreative.ee\/en\/wp-json\/wp\/v2\/product"}],"about":[{"href":"https:\/\/becreative.ee\/en\/wp-json\/wp\/v2\/types\/product"}],"version-history":[{"count":2,"href":"https:\/\/becreative.ee\/en\/wp-json\/wp\/v2\/product\/6406\/revisions"}],"predecessor-version":[{"id":6463,"href":"https:\/\/becreative.ee\/en\/wp-json\/wp\/v2\/product\/6406\/revisions\/6463"}],"wp:featuredmedia":[{"embeddable":true,"href":"https:\/\/becreative.ee\/en\/wp-json\/wp\/v2\/media\/6407"}],"wp:attachment":[{"href":"https:\/\/becreative.ee\/en\/wp-json\/wp\/v2\/media?parent=6406"}],"wp:term":[{"taxonomy":"product_brand","embeddable":true,"href":"https:\/\/becreative.ee\/en\/wp-json\/wp\/v2\/product_brand?post=6406"},{"taxonomy":"product_cat","embeddable":true,"href":"https:\/\/becreative.ee\/en\/wp-json\/wp\/v2\/product_cat?post=6406"},{"taxonomy":"product_tag","embeddable":true,"href":"https:\/\/becreative.ee\/en\/wp-json\/wp\/v2\/product_tag?post=6406"}],"curies":[{"name":"wp","href":"https:\/\/api.w.org\/{rel}","templated":true}]}}