{"id":6418,"date":"2023-12-30T12:09:17","date_gmt":"2023-12-30T12:09:17","guid":{"rendered":"https:\/\/becreative.ee\/?post_type=product&#038;p=6418"},"modified":"2023-12-30T12:10:28","modified_gmt":"2023-12-30T12:10:28","slug":"vineerist-pohi-heegeldamiseks-25x25-cm","status":"publish","type":"product","link":"https:\/\/becreative.ee\/en\/product\/vineerist-pohi-heegeldamiseks-25x25-cm\/","title":{"rendered":"Vineerist p\u00f5hi heegeldamiseks 25&#215;25 cm"},"content":{"rendered":"<p>FSC-sertifikaadiga puidust valmistatud alus sobib kasutamiseks erinevate kandikute, korvide ja karpide heegeldust\u00f6\u00f6de p\u00f5hjaks. P\u00f5hja \u00e4\u00e4ristavate aukude diameeter on 9 mm. P\u00f5hi on lihvitud m\u00f5lemalt poolt aga viimistlusainetega t\u00f6\u00f6tlemata ja seega on seda v\u00f5imalik soovi korral \u00f5litada, peitsida lakkida v\u00f5i v\u00e4rvida. Suurus 25 x 25 cm.<\/p>","protected":false},"excerpt":{"rendered":"<p>FSC-sertifikaadiga puidust valmistatud alus sobib kasutamiseks erinevate kandikute, korvide ja karpide heegeldust\u00f6\u00f6de p\u00f5hjaks. P\u00f5hja \u00e4\u00e4ristavate aukude diameeter on 9 mm. P\u00f5hi on lihvitud m\u00f5lemalt poolt aga viimistlusainetega t\u00f6\u00f6tlemata ja seega on seda v\u00f5imalik soovi korral \u00f5litada, peitsida lakkida v\u00f5i v\u00e4rvida. Suurus 25 x 25 cm.<\/p>","protected":false},"featured_media":6419,"template":"","meta":[],"product_brand":[],"product_cat":[263,270,225,234],"product_tag":[],"class_list":{"0":"post-6418","1":"product","2":"type-product","3":"status-publish","4":"has-post-thumbnail","6":"product_cat-brandid","7":"product_cat-hoooked","8":"product_cat-korvide-tarvikud","9":"product_cat-vineerist-pohjad-ja-kaaned","11":"first","12":"instock","13":"taxable","14":"shipping-taxable","15":"purchasable","16":"product-type-simple"},"jetpack_sharing_enabled":true,"_links":{"self":[{"href":"https:\/\/becreative.ee\/en\/wp-json\/wp\/v2\/product\/6418","targetHints":{"allow":["GET"]}}],"collection":[{"href":"https:\/\/becreative.ee\/en\/wp-json\/wp\/v2\/product"}],"about":[{"href":"https:\/\/becreative.ee\/en\/wp-json\/wp\/v2\/types\/product"}],"version-history":[{"count":1,"href":"https:\/\/becreative.ee\/en\/wp-json\/wp\/v2\/product\/6418\/revisions"}],"predecessor-version":[{"id":6420,"href":"https:\/\/becreative.ee\/en\/wp-json\/wp\/v2\/product\/6418\/revisions\/6420"}],"wp:featuredmedia":[{"embeddable":true,"href":"https:\/\/becreative.ee\/en\/wp-json\/wp\/v2\/media\/6419"}],"wp:attachment":[{"href":"https:\/\/becreative.ee\/en\/wp-json\/wp\/v2\/media?parent=6418"}],"wp:term":[{"taxonomy":"product_brand","embeddable":true,"href":"https:\/\/becreative.ee\/en\/wp-json\/wp\/v2\/product_brand?post=6418"},{"taxonomy":"product_cat","embeddable":true,"href":"https:\/\/becreative.ee\/en\/wp-json\/wp\/v2\/product_cat?post=6418"},{"taxonomy":"product_tag","embeddable":true,"href":"https:\/\/becreative.ee\/en\/wp-json\/wp\/v2\/product_tag?post=6418"}],"curies":[{"name":"wp","href":"https:\/\/api.w.org\/{rel}","templated":true}]}}