{"id":6442,"date":"2024-01-03T09:46:10","date_gmt":"2024-01-03T09:46:10","guid":{"rendered":"https:\/\/becreative.ee\/?post_type=product&#038;p=6442"},"modified":"2024-09-13T14:10:25","modified_gmt":"2024-09-13T14:10:25","slug":"manguasja-muusikatoos","status":"publish","type":"product","link":"https:\/\/becreative.ee\/en\/product\/manguasja-muusikatoos\/","title":{"rendered":"M\u00e4nguasja muusikatoos"},"content":{"rendered":"<p>Toode on m\u00f5eldud k\u00e4sit\u00f6\u00f6na valmistatud m\u00e4nguasjade sisemuses kasutamiseks. Eriti h\u00e4sti sobib imikute ja v\u00e4ikelaste m\u00e4nguasjadesse. Muusikatoos m\u00e4ngib klassikalist h\u00e4llilaulu Brahms Lullaby umbes kaks minutit. M\u00f5\u00f5dud on 3 x 4 x 5,5 cm ning kaal 65 g.<\/p>","protected":false},"excerpt":{"rendered":"<p>Toode on m\u00f5eldud k\u00e4sit\u00f6\u00f6na valmistatud m\u00e4nguasjade sisemuses kasutamiseks. Eriti h\u00e4sti sobib imikute ja v\u00e4ikelaste m\u00e4nguasjadesse. Muusikatoos m\u00e4ngib klassikalist h\u00e4llilaulu Brahms Lullaby umbes kaks minutit. M\u00f5\u00f5dud on 3 x 4 x 5,5 cm ning kaal 65 g.<\/p>","protected":false},"featured_media":6443,"template":"","meta":[],"product_brand":[],"product_cat":[263,270,17,1302],"product_tag":[],"class_list":{"0":"post-6442","1":"product","2":"type-product","3":"status-publish","4":"has-post-thumbnail","6":"product_cat-brandid","7":"product_cat-hoooked","8":"product_cat-manguasjadevalmistamine","9":"product_cat-muusikatoosid","11":"first","12":"instock","13":"taxable","14":"shipping-taxable","15":"purchasable","16":"product-type-simple"},"jetpack_sharing_enabled":true,"_links":{"self":[{"href":"https:\/\/becreative.ee\/en\/wp-json\/wp\/v2\/product\/6442","targetHints":{"allow":["GET"]}}],"collection":[{"href":"https:\/\/becreative.ee\/en\/wp-json\/wp\/v2\/product"}],"about":[{"href":"https:\/\/becreative.ee\/en\/wp-json\/wp\/v2\/types\/product"}],"version-history":[{"count":1,"href":"https:\/\/becreative.ee\/en\/wp-json\/wp\/v2\/product\/6442\/revisions"}],"predecessor-version":[{"id":6444,"href":"https:\/\/becreative.ee\/en\/wp-json\/wp\/v2\/product\/6442\/revisions\/6444"}],"wp:featuredmedia":[{"embeddable":true,"href":"https:\/\/becreative.ee\/en\/wp-json\/wp\/v2\/media\/6443"}],"wp:attachment":[{"href":"https:\/\/becreative.ee\/en\/wp-json\/wp\/v2\/media?parent=6442"}],"wp:term":[{"taxonomy":"product_brand","embeddable":true,"href":"https:\/\/becreative.ee\/en\/wp-json\/wp\/v2\/product_brand?post=6442"},{"taxonomy":"product_cat","embeddable":true,"href":"https:\/\/becreative.ee\/en\/wp-json\/wp\/v2\/product_cat?post=6442"},{"taxonomy":"product_tag","embeddable":true,"href":"https:\/\/becreative.ee\/en\/wp-json\/wp\/v2\/product_tag?post=6442"}],"curies":[{"name":"wp","href":"https:\/\/api.w.org\/{rel}","templated":true}]}}