{"id":6452,"date":"2024-01-07T15:32:10","date_gmt":"2024-01-07T15:32:10","guid":{"rendered":"https:\/\/becreative.ee\/?post_type=product&#038;p=6452"},"modified":"2024-01-07T15:38:01","modified_gmt":"2024-01-07T15:38:01","slug":"linoolloike-komplekt","status":"publish","type":"product","link":"https:\/\/becreative.ee\/en\/product\/linoolloike-komplekt\/","title":{"rendered":"Linooll\u00f5ike komplekt"},"content":{"rendered":"<p>See Speedballi komplekt sobib algajale graafilise kunsti disainerile v\u00f5i harrastajale. Komplekt sisaldab linooll\u00f5ike nuga koos kahe erineva teraga (numbritega 2 ja 4), linoolplaati suurusega 10,2 x 15,2 cm ning paberit kujutise kandmiseks linoolplaadile.<\/p>\n<p>&nbsp;<\/p>","protected":false},"excerpt":{"rendered":"<p>See Speedballi komplekt sobib algajale graafilise kunsti disainerile v\u00f5i harrastajale. Komplekt sisaldab linooll\u00f5ike nuga koos kahe erineva teraga (numbritega 2 ja 4), linoolplaati suurusega 10,2 x 15,2 cm ning paberit kujutise kandmiseks linoolplaadile.<\/p>","protected":false},"featured_media":6453,"template":"","meta":[],"product_brand":[],"product_cat":[263,1295,847,1116],"product_tag":[],"class_list":{"0":"post-6452","1":"product","2":"type-product","3":"status-publish","4":"has-post-thumbnail","6":"product_cat-brandid","7":"product_cat-linoolloige","8":"product_cat-speedball","9":"product_cat-teised-tehnikad","11":"first","12":"instock","13":"taxable","14":"shipping-taxable","15":"purchasable","16":"product-type-simple"},"jetpack_sharing_enabled":true,"_links":{"self":[{"href":"https:\/\/becreative.ee\/en\/wp-json\/wp\/v2\/product\/6452","targetHints":{"allow":["GET"]}}],"collection":[{"href":"https:\/\/becreative.ee\/en\/wp-json\/wp\/v2\/product"}],"about":[{"href":"https:\/\/becreative.ee\/en\/wp-json\/wp\/v2\/types\/product"}],"version-history":[{"count":1,"href":"https:\/\/becreative.ee\/en\/wp-json\/wp\/v2\/product\/6452\/revisions"}],"predecessor-version":[{"id":6454,"href":"https:\/\/becreative.ee\/en\/wp-json\/wp\/v2\/product\/6452\/revisions\/6454"}],"wp:featuredmedia":[{"embeddable":true,"href":"https:\/\/becreative.ee\/en\/wp-json\/wp\/v2\/media\/6453"}],"wp:attachment":[{"href":"https:\/\/becreative.ee\/en\/wp-json\/wp\/v2\/media?parent=6452"}],"wp:term":[{"taxonomy":"product_brand","embeddable":true,"href":"https:\/\/becreative.ee\/en\/wp-json\/wp\/v2\/product_brand?post=6452"},{"taxonomy":"product_cat","embeddable":true,"href":"https:\/\/becreative.ee\/en\/wp-json\/wp\/v2\/product_cat?post=6452"},{"taxonomy":"product_tag","embeddable":true,"href":"https:\/\/becreative.ee\/en\/wp-json\/wp\/v2\/product_tag?post=6452"}],"curies":[{"name":"wp","href":"https:\/\/api.w.org\/{rel}","templated":true}]}}