{"id":6455,"date":"2024-01-07T15:45:35","date_gmt":"2024-01-07T15:45:35","guid":{"rendered":"https:\/\/becreative.ee\/?post_type=product&#038;p=6455"},"modified":"2024-01-07T15:45:36","modified_gmt":"2024-01-07T15:45:36","slug":"speedballi-linoolloikeplaat-76-x-102-cm","status":"publish","type":"product","link":"https:\/\/becreative.ee\/en\/product\/speedballi-linoolloikeplaat-76-x-102-cm\/","title":{"rendered":"Speedballi linooll\u00f5ikeplaat 7,6 x 10,2 cm"},"content":{"rendered":"<p>Linooll\u00f5ikeplaadiga saab luua ainulaatseid ja isikup\u00e4raseid templeid. Joonistage pliiatsiga plaadile. Eemaldage linooll\u00f5ike noaga \u00fcleliigne materjal. Tehke t\u00f6\u00f6 v\u00e4rviga kokku ja vajutage j\u00e4ljend. Linooll\u00f5ikeplaadi suurus 7,6 x 10,2 cm.<\/p>","protected":false},"excerpt":{"rendered":"<p>Linooll\u00f5ikeplaadiga saab luua ainulaatseid ja isikup\u00e4raseid templeid. Joonistage pliiatsiga plaadile. Eemaldage linooll\u00f5ike noaga \u00fcleliigne materjal. Tehke t\u00f6\u00f6 v\u00e4rviga kokku ja vajutage j\u00e4ljend. Linooll\u00f5ikeplaadi suurus 7,6 x 10,2 cm.<\/p>","protected":false},"featured_media":6456,"template":"","meta":[],"product_brand":[],"product_cat":[263,1295,847,1116],"product_tag":[],"class_list":{"0":"post-6455","1":"product","2":"type-product","3":"status-publish","4":"has-post-thumbnail","6":"product_cat-brandid","7":"product_cat-linoolloige","8":"product_cat-speedball","9":"product_cat-teised-tehnikad","11":"first","12":"instock","13":"taxable","14":"shipping-taxable","15":"purchasable","16":"product-type-simple"},"jetpack_sharing_enabled":true,"_links":{"self":[{"href":"https:\/\/becreative.ee\/en\/wp-json\/wp\/v2\/product\/6455","targetHints":{"allow":["GET"]}}],"collection":[{"href":"https:\/\/becreative.ee\/en\/wp-json\/wp\/v2\/product"}],"about":[{"href":"https:\/\/becreative.ee\/en\/wp-json\/wp\/v2\/types\/product"}],"version-history":[{"count":1,"href":"https:\/\/becreative.ee\/en\/wp-json\/wp\/v2\/product\/6455\/revisions"}],"predecessor-version":[{"id":6457,"href":"https:\/\/becreative.ee\/en\/wp-json\/wp\/v2\/product\/6455\/revisions\/6457"}],"wp:featuredmedia":[{"embeddable":true,"href":"https:\/\/becreative.ee\/en\/wp-json\/wp\/v2\/media\/6456"}],"wp:attachment":[{"href":"https:\/\/becreative.ee\/en\/wp-json\/wp\/v2\/media?parent=6455"}],"wp:term":[{"taxonomy":"product_brand","embeddable":true,"href":"https:\/\/becreative.ee\/en\/wp-json\/wp\/v2\/product_brand?post=6455"},{"taxonomy":"product_cat","embeddable":true,"href":"https:\/\/becreative.ee\/en\/wp-json\/wp\/v2\/product_cat?post=6455"},{"taxonomy":"product_tag","embeddable":true,"href":"https:\/\/becreative.ee\/en\/wp-json\/wp\/v2\/product_tag?post=6455"}],"curies":[{"name":"wp","href":"https:\/\/api.w.org\/{rel}","templated":true}]}}