{"id":6459,"date":"2024-01-07T15:59:10","date_gmt":"2024-01-07T15:59:10","guid":{"rendered":"https:\/\/becreative.ee\/?post_type=product&#038;p=6459"},"modified":"2024-01-07T15:59:10","modified_gmt":"2024-01-07T15:59:10","slug":"nahast-kotipohi-heegeldamiseks-23-cm","status":"publish","type":"product","link":"https:\/\/becreative.ee\/en\/product\/nahast-kotipohi-heegeldamiseks-23-cm\/","title":{"rendered":"Nahast kotip\u00f5hi heegeldamiseks 23 cm"},"content":{"rendered":"<p>Mustast kunstnahast \u00fcmmargune p\u00f5hi on m\u00f5eldud kottide valmistamiseks. Suurus 23 cm.<\/p>","protected":false},"excerpt":{"rendered":"<p>Mustast kunstnahast \u00fcmmargune p\u00f5hi on m\u00f5eldud kottide valmistamiseks. Suurus 23 cm.<\/p>","protected":false},"featured_media":6460,"template":"","meta":[],"product_brand":[],"product_cat":[263,783,270],"product_tag":[],"class_list":{"0":"post-6459","1":"product","2":"type-product","3":"status-publish","4":"has-post-thumbnail","6":"product_cat-brandid","7":"product_cat-heegeldamine","8":"product_cat-hoooked","10":"first","11":"instock","12":"taxable","13":"shipping-taxable","14":"purchasable","15":"product-type-simple"},"jetpack_sharing_enabled":true,"_links":{"self":[{"href":"https:\/\/becreative.ee\/en\/wp-json\/wp\/v2\/product\/6459","targetHints":{"allow":["GET"]}}],"collection":[{"href":"https:\/\/becreative.ee\/en\/wp-json\/wp\/v2\/product"}],"about":[{"href":"https:\/\/becreative.ee\/en\/wp-json\/wp\/v2\/types\/product"}],"version-history":[{"count":1,"href":"https:\/\/becreative.ee\/en\/wp-json\/wp\/v2\/product\/6459\/revisions"}],"predecessor-version":[{"id":6461,"href":"https:\/\/becreative.ee\/en\/wp-json\/wp\/v2\/product\/6459\/revisions\/6461"}],"wp:featuredmedia":[{"embeddable":true,"href":"https:\/\/becreative.ee\/en\/wp-json\/wp\/v2\/media\/6460"}],"wp:attachment":[{"href":"https:\/\/becreative.ee\/en\/wp-json\/wp\/v2\/media?parent=6459"}],"wp:term":[{"taxonomy":"product_brand","embeddable":true,"href":"https:\/\/becreative.ee\/en\/wp-json\/wp\/v2\/product_brand?post=6459"},{"taxonomy":"product_cat","embeddable":true,"href":"https:\/\/becreative.ee\/en\/wp-json\/wp\/v2\/product_cat?post=6459"},{"taxonomy":"product_tag","embeddable":true,"href":"https:\/\/becreative.ee\/en\/wp-json\/wp\/v2\/product_tag?post=6459"}],"curies":[{"name":"wp","href":"https:\/\/api.w.org\/{rel}","templated":true}]}}