{"id":6468,"date":"2024-01-11T16:06:53","date_gmt":"2024-01-11T16:06:53","guid":{"rendered":"https:\/\/becreative.ee\/?post_type=product&#038;p=6468"},"modified":"2024-02-23T11:35:19","modified_gmt":"2024-02-23T11:35:19","slug":"makramee-noor-4-mm","status":"publish","type":"product","link":"https:\/\/becreative.ee\/en\/product\/makramee-noor-4-mm\/","title":{"rendered":"Makramee n\u00f6\u00f6r 4 mm"},"content":{"rendered":"<p>N\u00f6\u00f6r: 100 % puuvill<\/p>\n<p>V\u00e4rv: naturaalvalge<\/p>\n<p>Kaal: 275 g<\/p>\n<p>L\u00f5nga pikkus: 50 m<\/p>\n<p>&nbsp;<\/p>\n<p>Pesujuhised:<\/p>\n<p><img decoding=\"async\" class=\"alignnone size-full wp-image-1014\" src=\"https:\/\/becreative.ee\/wp-content\/uploads\/2020\/04\/pesumajale_antav_teave_pesuvahendi_tekstiili_kohta.png\" alt=\"\" width=\"50\" height=\"50\" \/>\u00a0<img decoding=\"async\" class=\"alignnone size-full wp-image-299\" src=\"https:\/\/becreative.ee\/wp-content\/uploads\/2020\/03\/valgendamine-keelatud.png\" alt=\"\" width=\"50\" height=\"50\" \/> <img decoding=\"async\" class=\"alignnone size-full wp-image-1286\" src=\"https:\/\/becreative.ee\/wp-content\/uploads\/2020\/04\/pesemine_40-kraadi.png\" alt=\"\" width=\"50\" height=\"50\" \/> <img loading=\"lazy\" decoding=\"async\" class=\"alignnone size-full wp-image-1407\" src=\"https:\/\/becreative.ee\/wp-content\/uploads\/2020\/05\/triikimine_keelatud.png\" alt=\"\" width=\"50\" height=\"50\" \/> <img loading=\"lazy\" decoding=\"async\" class=\"alignnone size-full wp-image-298\" src=\"https:\/\/becreative.ee\/wp-content\/uploads\/2020\/03\/trummelkuivatus_keelatud.png\" alt=\"\" width=\"50\" height=\"50\" \/> <img loading=\"lazy\" decoding=\"async\" class=\"alignnone size-full wp-image-302\" src=\"https:\/\/becreative.ee\/wp-content\/uploads\/2020\/03\/kuivatada_laotatult.png\" alt=\"\" width=\"50\" height=\"50\" \/><\/p>\n<p>&nbsp;<\/p>\n<p>Spetsiaalselt makramee t\u00f6\u00f6deks valmistatud n\u00f6\u00f6ri paksus on 4 mm.<\/p>","protected":false},"excerpt":{"rendered":"<p>N\u00f6\u00f6r: 100 % puuvill<\/p>\n<p>V\u00e4rv: naturaalvalge<\/p>\n<p>Kaal: 275 g<\/p>\n<p>L\u00f5nga pikkus: 50 m<\/p>","protected":false},"featured_media":6469,"template":"","meta":[],"product_brand":[],"product_cat":[263,265,279,912,984,598],"product_tag":[],"class_list":{"0":"post-6468","1":"product","2":"type-product","3":"status-publish","4":"has-post-thumbnail","6":"product_cat-brandid","7":"product_cat-go-handmade","8":"product_cat-kasitooks-vajalik","9":"product_cat-makramee","10":"product_cat-noor-makramee","11":"product_cat-noor","13":"first","14":"instock","15":"taxable","16":"shipping-taxable","17":"purchasable","18":"product-type-simple"},"jetpack_sharing_enabled":true,"_links":{"self":[{"href":"https:\/\/becreative.ee\/en\/wp-json\/wp\/v2\/product\/6468","targetHints":{"allow":["GET"]}}],"collection":[{"href":"https:\/\/becreative.ee\/en\/wp-json\/wp\/v2\/product"}],"about":[{"href":"https:\/\/becreative.ee\/en\/wp-json\/wp\/v2\/types\/product"}],"version-history":[{"count":1,"href":"https:\/\/becreative.ee\/en\/wp-json\/wp\/v2\/product\/6468\/revisions"}],"predecessor-version":[{"id":6470,"href":"https:\/\/becreative.ee\/en\/wp-json\/wp\/v2\/product\/6468\/revisions\/6470"}],"wp:featuredmedia":[{"embeddable":true,"href":"https:\/\/becreative.ee\/en\/wp-json\/wp\/v2\/media\/6469"}],"wp:attachment":[{"href":"https:\/\/becreative.ee\/en\/wp-json\/wp\/v2\/media?parent=6468"}],"wp:term":[{"taxonomy":"product_brand","embeddable":true,"href":"https:\/\/becreative.ee\/en\/wp-json\/wp\/v2\/product_brand?post=6468"},{"taxonomy":"product_cat","embeddable":true,"href":"https:\/\/becreative.ee\/en\/wp-json\/wp\/v2\/product_cat?post=6468"},{"taxonomy":"product_tag","embeddable":true,"href":"https:\/\/becreative.ee\/en\/wp-json\/wp\/v2\/product_tag?post=6468"}],"curies":[{"name":"wp","href":"https:\/\/api.w.org\/{rel}","templated":true}]}}