{"id":6471,"date":"2024-01-13T07:37:12","date_gmt":"2024-01-13T07:37:12","guid":{"rendered":"https:\/\/becreative.ee\/?post_type=product&#038;p=6471"},"modified":"2024-07-25T17:09:24","modified_gmt":"2024-07-25T17:09:24","slug":"aukudega-puidust-rongas-70-mm","status":"publish","type":"product","link":"https:\/\/becreative.ee\/en\/product\/aukudega-puidust-rongas-70-mm\/","title":{"rendered":"Aukudega puidust r\u00f5ngas 70 mm"},"content":{"rendered":"<p>Puidust r\u00f5ngad sobivad erinevate k\u00e4sit\u00f6\u00f6projektide valmistamiseks. Kuna tegemist on testitud tootega ja toode omab sertifikaati EN 71-3 (Euroopas m\u00e4nguasjade ohutusn\u00f5uete standard) sobib see h\u00e4sti beebi m\u00e4nguasjade valmistamise osana. Toode ei ole m\u00f5eldud n\u00e4rimisr\u00f5nga asendamiseks. T\u00e4nu r\u00f5ngas olevatele aukudele on r\u00f5nga k\u00fclge detailide kinnitamine lihtne. R\u00f5nga diameeter on 70 mm, paksus 11 mm.<\/p>","protected":false},"excerpt":{"rendered":"<p>Puidust r\u00f5ngad sobivad erinevate k\u00e4sit\u00f6\u00f6projektide valmistamiseks. Kuna tegemist on testitud tootega ja toode omab sertifikaati EN 71-3 (Euroopas m\u00e4nguasjade ohutusn\u00f5uete standard) sobib see h\u00e4sti beebi m\u00e4nguasjade valmistamise osana. Toode ei ole m\u00f5eldud n\u00e4rimisr\u00f5nga asendamiseks. T\u00e4nu r\u00f5ngas olevatele aukudele on r\u00f5nga k\u00fclge detailide kinnitamine lihtne. R\u00f5nga diameeter on 70 mm, paksus 11 mm.<\/p>","protected":false},"featured_media":6472,"template":"","meta":[],"product_brand":[],"product_cat":[263,265,279,17,575,781,1273,340,991],"product_tag":[],"class_list":{"0":"post-6471","1":"product","2":"type-product","3":"status-publish","4":"has-post-thumbnail","6":"product_cat-brandid","7":"product_cat-go-handmade","8":"product_cat-kasitooks-vajalik","9":"product_cat-manguasjadevalmistamine","10":"product_cat-puidust-detailid","11":"product_cat-puidust-rongad-puidust-detailid","12":"product_cat-rongad-too-puiduga","13":"product_cat-rongad","14":"product_cat-too-puiduga","16":"first","17":"instock","18":"taxable","19":"shipping-taxable","20":"purchasable","21":"product-type-simple"},"jetpack_sharing_enabled":true,"_links":{"self":[{"href":"https:\/\/becreative.ee\/en\/wp-json\/wp\/v2\/product\/6471","targetHints":{"allow":["GET"]}}],"collection":[{"href":"https:\/\/becreative.ee\/en\/wp-json\/wp\/v2\/product"}],"about":[{"href":"https:\/\/becreative.ee\/en\/wp-json\/wp\/v2\/types\/product"}],"version-history":[{"count":1,"href":"https:\/\/becreative.ee\/en\/wp-json\/wp\/v2\/product\/6471\/revisions"}],"predecessor-version":[{"id":6473,"href":"https:\/\/becreative.ee\/en\/wp-json\/wp\/v2\/product\/6471\/revisions\/6473"}],"wp:featuredmedia":[{"embeddable":true,"href":"https:\/\/becreative.ee\/en\/wp-json\/wp\/v2\/media\/6472"}],"wp:attachment":[{"href":"https:\/\/becreative.ee\/en\/wp-json\/wp\/v2\/media?parent=6471"}],"wp:term":[{"taxonomy":"product_brand","embeddable":true,"href":"https:\/\/becreative.ee\/en\/wp-json\/wp\/v2\/product_brand?post=6471"},{"taxonomy":"product_cat","embeddable":true,"href":"https:\/\/becreative.ee\/en\/wp-json\/wp\/v2\/product_cat?post=6471"},{"taxonomy":"product_tag","embeddable":true,"href":"https:\/\/becreative.ee\/en\/wp-json\/wp\/v2\/product_tag?post=6471"}],"curies":[{"name":"wp","href":"https:\/\/api.w.org\/{rel}","templated":true}]}}