{"id":6479,"date":"2024-01-13T08:24:12","date_gmt":"2024-01-13T08:24:12","guid":{"rendered":"https:\/\/becreative.ee\/?post_type=product&#038;p=6479"},"modified":"2025-11-15T16:29:26","modified_gmt":"2025-11-15T16:29:26","slug":"aukudega-puidust-rongas-20-cm","status":"publish","type":"product","link":"https:\/\/becreative.ee\/en\/product\/aukudega-puidust-rongas-20-cm\/","title":{"rendered":"Aukudega puidust r\u00f5ngas 20 cm"},"content":{"rendered":"<p>Voodikaruselli, unen\u00e4op\u00fc\u00fcdja v\u00f5i m\u00f5ne muu kaunistuse loomiseks m\u00f5eldud aukudega puidust r\u00f5ngas. R\u00f5nga diameeter 20 cm. R\u00f5ngas on 10 pisikest auku. Tootel on EN71-3 sertifikaat.<\/p>","protected":false},"excerpt":{"rendered":"<p>Voodikaruselli, unen\u00e4op\u00fc\u00fcdja v\u00f5i m\u00f5ne muu kaunistuse loomiseks m\u00f5eldud aukudega puidust r\u00f5ngas. R\u00f5nga diameeter 20 cm. R\u00f5ngas on 10 pisikest auku. Tootel on EN71-3 sertifikaat.<\/p>","protected":false},"featured_media":6480,"template":"","meta":[],"product_brand":[],"product_cat":[263,265,279,912,17,575,781,914,340,1273,991],"product_tag":[],"class_list":{"0":"post-6479","1":"product","2":"type-product","3":"status-publish","4":"has-post-thumbnail","6":"product_cat-brandid","7":"product_cat-go-handmade","8":"product_cat-kasitooks-vajalik","9":"product_cat-makramee","10":"product_cat-manguasjadevalmistamine","11":"product_cat-puidust-detailid","12":"product_cat-puidust-rongad-puidust-detailid","13":"product_cat-rongad-makramee","14":"product_cat-rongad","15":"product_cat-rongad-too-puiduga","16":"product_cat-too-puiduga","18":"first","19":"instock","20":"taxable","21":"shipping-taxable","22":"purchasable","23":"product-type-simple"},"jetpack_sharing_enabled":true,"_links":{"self":[{"href":"https:\/\/becreative.ee\/en\/wp-json\/wp\/v2\/product\/6479","targetHints":{"allow":["GET"]}}],"collection":[{"href":"https:\/\/becreative.ee\/en\/wp-json\/wp\/v2\/product"}],"about":[{"href":"https:\/\/becreative.ee\/en\/wp-json\/wp\/v2\/types\/product"}],"version-history":[{"count":1,"href":"https:\/\/becreative.ee\/en\/wp-json\/wp\/v2\/product\/6479\/revisions"}],"predecessor-version":[{"id":6481,"href":"https:\/\/becreative.ee\/en\/wp-json\/wp\/v2\/product\/6479\/revisions\/6481"}],"wp:featuredmedia":[{"embeddable":true,"href":"https:\/\/becreative.ee\/en\/wp-json\/wp\/v2\/media\/6480"}],"wp:attachment":[{"href":"https:\/\/becreative.ee\/en\/wp-json\/wp\/v2\/media?parent=6479"}],"wp:term":[{"taxonomy":"product_brand","embeddable":true,"href":"https:\/\/becreative.ee\/en\/wp-json\/wp\/v2\/product_brand?post=6479"},{"taxonomy":"product_cat","embeddable":true,"href":"https:\/\/becreative.ee\/en\/wp-json\/wp\/v2\/product_cat?post=6479"},{"taxonomy":"product_tag","embeddable":true,"href":"https:\/\/becreative.ee\/en\/wp-json\/wp\/v2\/product_tag?post=6479"}],"curies":[{"name":"wp","href":"https:\/\/api.w.org\/{rel}","templated":true}]}}