{"id":6504,"date":"2024-02-06T20:28:30","date_gmt":"2024-02-06T20:28:30","guid":{"rendered":"https:\/\/becreative.ee\/?post_type=product&#038;p=6504"},"modified":"2025-12-10T18:57:19","modified_gmt":"2025-12-10T18:57:19","slug":"de-witte-engel-kraasvill-250-g","status":"publish","type":"product","link":"https:\/\/becreative.ee\/en\/product\/de-witte-engel-kraasvill-250-g\/","title":{"rendered":"De Witte Engel kraasvill 250 g"},"content":{"rendered":"<p>Oekotex sertifikaadiga kraasvill sobib suurep\u00e4raselt pehmete m\u00e4nguasjade t\u00e4iteks ning Waldorf ja Steiner nukude valmistamiseks. Pakendis 250 g.<\/p>","protected":false},"excerpt":{"rendered":"<p>Oekotex sertifikaadiga kraasvill sobib suurep\u00e4raselt pehmete m\u00e4nguasjade t\u00e4iteks ning Waldorf ja Steiner nukude valmistamiseks. Pakendis 250 g.<\/p>","protected":false},"featured_media":5765,"template":"","meta":[],"product_brand":[],"product_cat":[263,1210,17,140,1211],"product_tag":[],"class_list":{"0":"post-6504","1":"product","2":"type-product","3":"status-publish","4":"has-post-thumbnail","6":"product_cat-brandid","7":"product_cat-de-witte-engel","8":"product_cat-manguasjadevalmistamine","9":"product_cat-taide","10":"product_cat-waldorfnuku-materjalid","12":"first","13":"instock","14":"taxable","15":"shipping-taxable","16":"purchasable","17":"product-type-simple"},"jetpack_sharing_enabled":true,"_links":{"self":[{"href":"https:\/\/becreative.ee\/en\/wp-json\/wp\/v2\/product\/6504","targetHints":{"allow":["GET"]}}],"collection":[{"href":"https:\/\/becreative.ee\/en\/wp-json\/wp\/v2\/product"}],"about":[{"href":"https:\/\/becreative.ee\/en\/wp-json\/wp\/v2\/types\/product"}],"version-history":[{"count":1,"href":"https:\/\/becreative.ee\/en\/wp-json\/wp\/v2\/product\/6504\/revisions"}],"predecessor-version":[{"id":6505,"href":"https:\/\/becreative.ee\/en\/wp-json\/wp\/v2\/product\/6504\/revisions\/6505"}],"wp:featuredmedia":[{"embeddable":true,"href":"https:\/\/becreative.ee\/en\/wp-json\/wp\/v2\/media\/5765"}],"wp:attachment":[{"href":"https:\/\/becreative.ee\/en\/wp-json\/wp\/v2\/media?parent=6504"}],"wp:term":[{"taxonomy":"product_brand","embeddable":true,"href":"https:\/\/becreative.ee\/en\/wp-json\/wp\/v2\/product_brand?post=6504"},{"taxonomy":"product_cat","embeddable":true,"href":"https:\/\/becreative.ee\/en\/wp-json\/wp\/v2\/product_cat?post=6504"},{"taxonomy":"product_tag","embeddable":true,"href":"https:\/\/becreative.ee\/en\/wp-json\/wp\/v2\/product_tag?post=6504"}],"curies":[{"name":"wp","href":"https:\/\/api.w.org\/{rel}","templated":true}]}}