{"id":6534,"date":"2024-03-09T07:12:59","date_gmt":"2024-03-09T07:12:59","guid":{"rendered":"https:\/\/becreative.ee\/?post_type=product&#038;p=6534"},"modified":"2024-05-27T19:02:59","modified_gmt":"2024-05-27T19:02:59","slug":"pestav-kangamarker-cricut-masinale","status":"publish","type":"product","link":"https:\/\/becreative.ee\/en\/product\/pestav-kangamarker-cricut-masinale\/","title":{"rendered":"Pestav kangamarker Cricut masinale"},"content":{"rendered":"<p>Kangamarker annab v\u00f5imaluse valitud mustri kandmiseks kangale, kasutades Cricut masinat. V\u00f5imalik on teha j\u00e4ljend l\u00f5ike v\u00e4lja l\u00f5ikamiseks v\u00f5i n\u00e4iteks kanda riidele tikkimise muster. Markeri jooned kaovad kangalt peale pesemist. Markeri ots 1.0.<\/p>","protected":false},"excerpt":{"rendered":"<p>Kangamarker annab v\u00f5imaluse valitud mustri kandmiseks kangale, kasutades Cricut masinat. V\u00f5imalik on teha j\u00e4ljend l\u00f5ike v\u00e4lja l\u00f5ikamiseks v\u00f5i n\u00e4iteks kanda riidele tikkimise muster. Markeri jooned kaovad kangalt peale pesemist. Markeri ots 1.0.<\/p>","protected":false},"featured_media":6535,"template":"","meta":[],"product_brand":[],"product_cat":[788,263,1184,279,775,1190,932,772],"product_tag":[],"class_list":{"0":"post-6534","1":"product","2":"type-product","3":"status-publish","4":"has-post-thumbnail","6":"product_cat-abivahendid","7":"product_cat-brandid","8":"product_cat-cricut","9":"product_cat-kasitooks-vajalik","10":"product_cat-markerid-materjalid","11":"product_cat-markevahendid","12":"product_cat-omblemine","13":"product_cat-tikkimine","15":"first","16":"instock","17":"taxable","18":"shipping-taxable","19":"purchasable","20":"product-type-simple"},"jetpack_sharing_enabled":true,"_links":{"self":[{"href":"https:\/\/becreative.ee\/en\/wp-json\/wp\/v2\/product\/6534","targetHints":{"allow":["GET"]}}],"collection":[{"href":"https:\/\/becreative.ee\/en\/wp-json\/wp\/v2\/product"}],"about":[{"href":"https:\/\/becreative.ee\/en\/wp-json\/wp\/v2\/types\/product"}],"version-history":[{"count":1,"href":"https:\/\/becreative.ee\/en\/wp-json\/wp\/v2\/product\/6534\/revisions"}],"predecessor-version":[{"id":6536,"href":"https:\/\/becreative.ee\/en\/wp-json\/wp\/v2\/product\/6534\/revisions\/6536"}],"wp:featuredmedia":[{"embeddable":true,"href":"https:\/\/becreative.ee\/en\/wp-json\/wp\/v2\/media\/6535"}],"wp:attachment":[{"href":"https:\/\/becreative.ee\/en\/wp-json\/wp\/v2\/media?parent=6534"}],"wp:term":[{"taxonomy":"product_brand","embeddable":true,"href":"https:\/\/becreative.ee\/en\/wp-json\/wp\/v2\/product_brand?post=6534"},{"taxonomy":"product_cat","embeddable":true,"href":"https:\/\/becreative.ee\/en\/wp-json\/wp\/v2\/product_cat?post=6534"},{"taxonomy":"product_tag","embeddable":true,"href":"https:\/\/becreative.ee\/en\/wp-json\/wp\/v2\/product_tag?post=6534"}],"curies":[{"name":"wp","href":"https:\/\/api.w.org\/{rel}","templated":true}]}}