{"id":6540,"date":"2024-03-09T06:53:16","date_gmt":"2024-03-09T06:53:16","guid":{"rendered":"https:\/\/becreative.ee\/?post_type=product&#038;p=6540"},"modified":"2024-03-09T06:53:16","modified_gmt":"2024-03-09T06:53:16","slug":"paberroseti-voltija","status":"publish","type":"product","link":"https:\/\/becreative.ee\/en\/product\/paberroseti-voltija\/","title":{"rendered":"Paberroseti voltija"},"content":{"rendered":"<p>Kui teile meeldib kasutada paberist rosette aga nende voltimine on t\u00fc\u00fctu, on just see t\u00f6\u00f6rist m\u00f5eldud teile. Komplektis on kaks erinevat rullikut kahes m\u00f5\u00f5dus rosettide valmistamiseks.<\/p>","protected":false},"excerpt":{"rendered":"<p>Kui teile meeldib kasutada paberist rosette aga nende voltimine on t\u00fc\u00fctu, on just see t\u00f6\u00f6rist m\u00f5eldud teile. Komplektis on kaks erinevat rullikut kahes m\u00f5\u00f5dus rosettide valmistamiseks.<\/p>","protected":false},"featured_media":6541,"template":"","meta":[],"product_brand":[],"product_cat":[263,1306,1014,1015],"product_tag":[],"class_list":{"0":"post-6540","1":"product","2":"type-product","3":"status-publish","4":"has-post-thumbnail","6":"product_cat-brandid","7":"product_cat-ek-tools","8":"product_cat-tood-paberiga","9":"product_cat-tooriistad-tood-paberiga","11":"first","12":"instock","13":"taxable","14":"shipping-taxable","15":"purchasable","16":"product-type-simple"},"jetpack_sharing_enabled":true,"_links":{"self":[{"href":"https:\/\/becreative.ee\/en\/wp-json\/wp\/v2\/product\/6540","targetHints":{"allow":["GET"]}}],"collection":[{"href":"https:\/\/becreative.ee\/en\/wp-json\/wp\/v2\/product"}],"about":[{"href":"https:\/\/becreative.ee\/en\/wp-json\/wp\/v2\/types\/product"}],"version-history":[{"count":1,"href":"https:\/\/becreative.ee\/en\/wp-json\/wp\/v2\/product\/6540\/revisions"}],"predecessor-version":[{"id":6542,"href":"https:\/\/becreative.ee\/en\/wp-json\/wp\/v2\/product\/6540\/revisions\/6542"}],"wp:featuredmedia":[{"embeddable":true,"href":"https:\/\/becreative.ee\/en\/wp-json\/wp\/v2\/media\/6541"}],"wp:attachment":[{"href":"https:\/\/becreative.ee\/en\/wp-json\/wp\/v2\/media?parent=6540"}],"wp:term":[{"taxonomy":"product_brand","embeddable":true,"href":"https:\/\/becreative.ee\/en\/wp-json\/wp\/v2\/product_brand?post=6540"},{"taxonomy":"product_cat","embeddable":true,"href":"https:\/\/becreative.ee\/en\/wp-json\/wp\/v2\/product_cat?post=6540"},{"taxonomy":"product_tag","embeddable":true,"href":"https:\/\/becreative.ee\/en\/wp-json\/wp\/v2\/product_tag?post=6540"}],"curies":[{"name":"wp","href":"https:\/\/api.w.org\/{rel}","templated":true}]}}