{"id":6545,"date":"2024-03-09T06:57:57","date_gmt":"2024-03-09T06:57:57","guid":{"rendered":"https:\/\/becreative.ee\/?post_type=product&#038;p=6545"},"modified":"2024-09-15T05:42:08","modified_gmt":"2024-09-15T05:42:08","slug":"seikeri-toorik-ring","status":"publish","type":"product","link":"https:\/\/becreative.ee\/en\/product\/seikeri-toorik-ring\/","title":{"rendered":"\u0160eikeri toorik  &#8211; ring"},"content":{"rendered":"<p>\u0160eikereid saab kasutada erinevate kaartide ja paberist kaunistuste valmistamisel. Pakendis 10 \u0161eikerit m\u00f5\u00f5tudega 9 x 9 cm. S\u00fcgavus 4 mm.<\/p>","protected":false},"excerpt":{"rendered":"<p>\u0160eikereid saab kasutada erinevate kaartide ja paberist kaunistuste valmistamisel. Pakendis 10 \u0161eikerit m\u00f5\u00f5tudega 9 x 9 cm. S\u00fcgavus 4 mm.<\/p>","protected":false},"featured_media":6546,"template":"","meta":[],"product_brand":[],"product_cat":[263,1307,1308,1014],"product_tag":[],"class_list":{"0":"post-6545","1":"product","2":"type-product","3":"status-publish","4":"has-post-thumbnail","6":"product_cat-brandid","7":"product_cat-marianne-design","8":"product_cat-seikerite-valmistamine","9":"product_cat-tood-paberiga","11":"first","12":"instock","13":"taxable","14":"shipping-taxable","15":"purchasable","16":"product-type-simple"},"jetpack_sharing_enabled":true,"_links":{"self":[{"href":"https:\/\/becreative.ee\/en\/wp-json\/wp\/v2\/product\/6545","targetHints":{"allow":["GET"]}}],"collection":[{"href":"https:\/\/becreative.ee\/en\/wp-json\/wp\/v2\/product"}],"about":[{"href":"https:\/\/becreative.ee\/en\/wp-json\/wp\/v2\/types\/product"}],"version-history":[{"count":2,"href":"https:\/\/becreative.ee\/en\/wp-json\/wp\/v2\/product\/6545\/revisions"}],"predecessor-version":[{"id":6563,"href":"https:\/\/becreative.ee\/en\/wp-json\/wp\/v2\/product\/6545\/revisions\/6563"}],"wp:featuredmedia":[{"embeddable":true,"href":"https:\/\/becreative.ee\/en\/wp-json\/wp\/v2\/media\/6546"}],"wp:attachment":[{"href":"https:\/\/becreative.ee\/en\/wp-json\/wp\/v2\/media?parent=6545"}],"wp:term":[{"taxonomy":"product_brand","embeddable":true,"href":"https:\/\/becreative.ee\/en\/wp-json\/wp\/v2\/product_brand?post=6545"},{"taxonomy":"product_cat","embeddable":true,"href":"https:\/\/becreative.ee\/en\/wp-json\/wp\/v2\/product_cat?post=6545"},{"taxonomy":"product_tag","embeddable":true,"href":"https:\/\/becreative.ee\/en\/wp-json\/wp\/v2\/product_tag?post=6545"}],"curies":[{"name":"wp","href":"https:\/\/api.w.org\/{rel}","templated":true}]}}