{"id":6551,"date":"2024-03-07T19:16:31","date_gmt":"2024-03-07T19:16:31","guid":{"rendered":"https:\/\/becreative.ee\/?post_type=product&#038;p=6551"},"modified":"2024-09-15T05:42:08","modified_gmt":"2024-09-15T05:42:08","slug":"mod-podge-satin","status":"publish","type":"product","link":"https:\/\/becreative.ee\/en\/product\/mod-podge-satin\/","title":{"rendered":"Mod Podge Satin"},"content":{"rendered":"<p>Mod Podge Satin on kiiresti ja l\u00e4bipaistvaks kuivav dekupaa\u017eliim, mis j\u00e4tab sileda ja satiinise l\u00f5pptulemuse. Sobib kasutamiseks puidu, kanga, plasti ja l\u00f5uendiga pindadel. Pudeli suurus 236 ml.<\/p>","protected":false},"excerpt":{"rendered":"<p>Mod Podge Satin on kiiresti ja l\u00e4bipaistvaks kuivav dekupaa\u017eliim, mis j\u00e4tab sileda ja satiinise l\u00f5pptulemuse. Sobib kasutamiseks puidu, kanga, plasti ja l\u00f5uendiga pindadel. Pudeli suurus 236 ml.<\/p>","protected":false},"featured_media":6552,"template":"","meta":[],"product_brand":[],"product_cat":[263,1203,1066,1202,991,1014],"product_tag":[],"class_list":{"0":"post-6551","1":"product","2":"type-product","3":"status-publish","4":"has-post-thumbnail","6":"product_cat-brandid","7":"product_cat-liim","8":"product_cat-liimid-teibid","9":"product_cat-mod-podge","10":"product_cat-too-puiduga","11":"product_cat-tood-paberiga","13":"first","14":"outofstock","15":"taxable","16":"shipping-taxable","17":"purchasable","18":"product-type-simple"},"jetpack_sharing_enabled":true,"_links":{"self":[{"href":"https:\/\/becreative.ee\/en\/wp-json\/wp\/v2\/product\/6551","targetHints":{"allow":["GET"]}}],"collection":[{"href":"https:\/\/becreative.ee\/en\/wp-json\/wp\/v2\/product"}],"about":[{"href":"https:\/\/becreative.ee\/en\/wp-json\/wp\/v2\/types\/product"}],"version-history":[{"count":1,"href":"https:\/\/becreative.ee\/en\/wp-json\/wp\/v2\/product\/6551\/revisions"}],"predecessor-version":[{"id":6553,"href":"https:\/\/becreative.ee\/en\/wp-json\/wp\/v2\/product\/6551\/revisions\/6553"}],"wp:featuredmedia":[{"embeddable":true,"href":"https:\/\/becreative.ee\/en\/wp-json\/wp\/v2\/media\/6552"}],"wp:attachment":[{"href":"https:\/\/becreative.ee\/en\/wp-json\/wp\/v2\/media?parent=6551"}],"wp:term":[{"taxonomy":"product_brand","embeddable":true,"href":"https:\/\/becreative.ee\/en\/wp-json\/wp\/v2\/product_brand?post=6551"},{"taxonomy":"product_cat","embeddable":true,"href":"https:\/\/becreative.ee\/en\/wp-json\/wp\/v2\/product_cat?post=6551"},{"taxonomy":"product_tag","embeddable":true,"href":"https:\/\/becreative.ee\/en\/wp-json\/wp\/v2\/product_tag?post=6551"}],"curies":[{"name":"wp","href":"https:\/\/api.w.org\/{rel}","templated":true}]}}