{"id":6570,"date":"2024-03-09T07:34:51","date_gmt":"2024-03-09T07:34:51","guid":{"rendered":"https:\/\/becreative.ee\/?post_type=product&#038;p=6570"},"modified":"2026-01-14T13:04:58","modified_gmt":"2026-01-14T13:04:58","slug":"spellbinders-pitsati-vaha","status":"publish","type":"product","link":"https:\/\/becreative.ee\/en\/product\/spellbinders-pitsati-vaha\/","title":{"rendered":"Spellbinders pitsati vaha"},"content":{"rendered":"<p>Pitserite valmistamiseks m\u00f5eldud vaha. Kaunistage kaarte, albumeid, diplomeid v\u00f5i kirju. Pitseri erinevate vahadega on palju erinevaid v\u00f5imalusi. Pakendis on 100 vaha p\u00e4rlit, millest saab valmistada umbes 25 pitsatit.<\/p>","protected":false},"excerpt":{"rendered":"<p>Pitserite valmistamiseks m\u00f5eldud vaha. Kaunistage kaarte, albumeid, diplomeid v\u00f5i kirju. Pitseri erinevate vahadega on palju erinevaid v\u00f5imalusi. Pakendis on 100 vaha p\u00e4rlit, millest saab valmistada umbes 25 pitsatit.<\/p>","protected":false},"featured_media":6559,"template":"","meta":[],"product_brand":[],"product_cat":[263,1318,1317,1014],"product_tag":[],"class_list":{"0":"post-6570","1":"product","2":"type-product","3":"status-publish","4":"has-post-thumbnail","6":"product_cat-brandid","7":"product_cat-pitsati-vaha","8":"product_cat-spellbinders","9":"product_cat-tood-paberiga","11":"first","12":"instock","13":"taxable","14":"shipping-taxable","15":"purchasable","16":"product-type-variable"},"jetpack_sharing_enabled":true,"_links":{"self":[{"href":"https:\/\/becreative.ee\/en\/wp-json\/wp\/v2\/product\/6570","targetHints":{"allow":["GET"]}}],"collection":[{"href":"https:\/\/becreative.ee\/en\/wp-json\/wp\/v2\/product"}],"about":[{"href":"https:\/\/becreative.ee\/en\/wp-json\/wp\/v2\/types\/product"}],"version-history":[{"count":1,"href":"https:\/\/becreative.ee\/en\/wp-json\/wp\/v2\/product\/6570\/revisions"}],"predecessor-version":[{"id":6580,"href":"https:\/\/becreative.ee\/en\/wp-json\/wp\/v2\/product\/6570\/revisions\/6580"}],"wp:featuredmedia":[{"embeddable":true,"href":"https:\/\/becreative.ee\/en\/wp-json\/wp\/v2\/media\/6559"}],"wp:attachment":[{"href":"https:\/\/becreative.ee\/en\/wp-json\/wp\/v2\/media?parent=6570"}],"wp:term":[{"taxonomy":"product_brand","embeddable":true,"href":"https:\/\/becreative.ee\/en\/wp-json\/wp\/v2\/product_brand?post=6570"},{"taxonomy":"product_cat","embeddable":true,"href":"https:\/\/becreative.ee\/en\/wp-json\/wp\/v2\/product_cat?post=6570"},{"taxonomy":"product_tag","embeddable":true,"href":"https:\/\/becreative.ee\/en\/wp-json\/wp\/v2\/product_tag?post=6570"}],"curies":[{"name":"wp","href":"https:\/\/api.w.org\/{rel}","templated":true}]}}