{"id":6581,"date":"2024-03-09T10:13:40","date_gmt":"2024-03-09T10:13:40","guid":{"rendered":"https:\/\/becreative.ee\/?post_type=product&#038;p=6581"},"modified":"2024-11-02T14:09:09","modified_gmt":"2024-11-02T14:09:09","slug":"vivant-noor-must-valge","status":"publish","type":"product","link":"https:\/\/becreative.ee\/en\/product\/vivant-noor-must-valge\/","title":{"rendered":"Vivant n\u00f6\u00f6r must-valge"},"content":{"rendered":"<p>100 % puuvillast valmistatud n\u00f6\u00f6r sobib erinevate projektide tarbeks. \u00dches rullis 50 m, l\u00e4bim\u00f5\u00f5duga 2 mm.<\/p>","protected":false},"excerpt":{"rendered":"<p>100 % puuvillast valmistatud n\u00f6\u00f6r sobib erinevate projektide tarbeks. \u00dches rullis 50 m, l\u00e4bim\u00f5\u00f5duga 2 mm.<\/p>","protected":false},"featured_media":6584,"template":"","meta":[],"product_brand":[],"product_cat":[263,279,598,1319],"product_tag":[],"class_list":{"0":"post-6581","1":"product","2":"type-product","3":"status-publish","4":"has-post-thumbnail","6":"product_cat-brandid","7":"product_cat-kasitooks-vajalik","8":"product_cat-noor","9":"product_cat-vivant","11":"first","12":"instock","13":"taxable","14":"shipping-taxable","15":"purchasable","16":"product-type-simple"},"jetpack_sharing_enabled":true,"_links":{"self":[{"href":"https:\/\/becreative.ee\/en\/wp-json\/wp\/v2\/product\/6581","targetHints":{"allow":["GET"]}}],"collection":[{"href":"https:\/\/becreative.ee\/en\/wp-json\/wp\/v2\/product"}],"about":[{"href":"https:\/\/becreative.ee\/en\/wp-json\/wp\/v2\/types\/product"}],"version-history":[{"count":1,"href":"https:\/\/becreative.ee\/en\/wp-json\/wp\/v2\/product\/6581\/revisions"}],"predecessor-version":[{"id":6583,"href":"https:\/\/becreative.ee\/en\/wp-json\/wp\/v2\/product\/6581\/revisions\/6583"}],"wp:featuredmedia":[{"embeddable":true,"href":"https:\/\/becreative.ee\/en\/wp-json\/wp\/v2\/media\/6584"}],"wp:attachment":[{"href":"https:\/\/becreative.ee\/en\/wp-json\/wp\/v2\/media?parent=6581"}],"wp:term":[{"taxonomy":"product_brand","embeddable":true,"href":"https:\/\/becreative.ee\/en\/wp-json\/wp\/v2\/product_brand?post=6581"},{"taxonomy":"product_cat","embeddable":true,"href":"https:\/\/becreative.ee\/en\/wp-json\/wp\/v2\/product_cat?post=6581"},{"taxonomy":"product_tag","embeddable":true,"href":"https:\/\/becreative.ee\/en\/wp-json\/wp\/v2\/product_tag?post=6581"}],"curies":[{"name":"wp","href":"https:\/\/api.w.org\/{rel}","templated":true}]}}