{"id":6589,"date":"2024-03-11T18:44:39","date_gmt":"2024-03-11T18:44:39","guid":{"rendered":"https:\/\/becreative.ee\/?post_type=product&#038;p=6589"},"modified":"2025-04-29T11:00:51","modified_gmt":"2025-04-29T11:00:51","slug":"pitsati-vaha-hoiukarp","status":"publish","type":"product","link":"https:\/\/becreative.ee\/en\/product\/pitsati-vaha-hoiukarp\/","title":{"rendered":"Pitsati vaha hoiukarp"},"content":{"rendered":"<p>Suurep\u00e4rane hoiukarp on m\u00f5eldud pitsati vaha ja pitserite hoiustamiseks. Et hoiustamine oleks veelgi lihtsam ja organiseeritum, on v\u00f5imalik karbi vaheseinu eemaldada ja t\u00e4nu sellele hoiustada ka pitseri k\u00e4epidemeid v\u00f5i suuremas mahus vaha. Karbi m\u00f5\u00f5tmed 18,10 x 10,20 x 2,20 cm.<\/p>","protected":false},"excerpt":{"rendered":"<p>Suurep\u00e4rane hoiukarp on m\u00f5eldud pitsati vaha ja pitserite hoiustamiseks. Et hoiustamine oleks veelgi lihtsam ja organiseeritum, on v\u00f5imalik karbi vaheseinu eemaldada ja t\u00e4nu sellele hoiustada ka pitseri k\u00e4epidemeid v\u00f5i suuremas mahus vaha. Karbi m\u00f5\u00f5tmed 18,10 x 10,20 x 2,20 cm.<\/p>","protected":false},"featured_media":6590,"template":"","meta":[],"product_brand":[],"product_cat":[263,1320,1317,1014],"product_tag":[],"class_list":{"0":"post-6589","1":"product","2":"type-product","3":"status-publish","4":"has-post-thumbnail","6":"product_cat-brandid","7":"product_cat-hoiustamine-tood-paberiga","8":"product_cat-spellbinders","9":"product_cat-tood-paberiga","11":"first","12":"instock","13":"taxable","14":"shipping-taxable","15":"purchasable","16":"product-type-simple"},"jetpack_sharing_enabled":true,"_links":{"self":[{"href":"https:\/\/becreative.ee\/en\/wp-json\/wp\/v2\/product\/6589","targetHints":{"allow":["GET"]}}],"collection":[{"href":"https:\/\/becreative.ee\/en\/wp-json\/wp\/v2\/product"}],"about":[{"href":"https:\/\/becreative.ee\/en\/wp-json\/wp\/v2\/types\/product"}],"version-history":[{"count":1,"href":"https:\/\/becreative.ee\/en\/wp-json\/wp\/v2\/product\/6589\/revisions"}],"predecessor-version":[{"id":6591,"href":"https:\/\/becreative.ee\/en\/wp-json\/wp\/v2\/product\/6589\/revisions\/6591"}],"wp:featuredmedia":[{"embeddable":true,"href":"https:\/\/becreative.ee\/en\/wp-json\/wp\/v2\/media\/6590"}],"wp:attachment":[{"href":"https:\/\/becreative.ee\/en\/wp-json\/wp\/v2\/media?parent=6589"}],"wp:term":[{"taxonomy":"product_brand","embeddable":true,"href":"https:\/\/becreative.ee\/en\/wp-json\/wp\/v2\/product_brand?post=6589"},{"taxonomy":"product_cat","embeddable":true,"href":"https:\/\/becreative.ee\/en\/wp-json\/wp\/v2\/product_cat?post=6589"},{"taxonomy":"product_tag","embeddable":true,"href":"https:\/\/becreative.ee\/en\/wp-json\/wp\/v2\/product_tag?post=6589"}],"curies":[{"name":"wp","href":"https:\/\/api.w.org\/{rel}","templated":true}]}}