{"id":6592,"date":"2024-03-11T19:10:38","date_gmt":"2024-03-11T19:10:38","guid":{"rendered":"https:\/\/becreative.ee\/?post_type=product&#038;p=6592"},"modified":"2024-03-11T19:10:38","modified_gmt":"2024-03-11T19:10:38","slug":"liimipadjad-vahast-pitserite-liimimiseks","status":"publish","type":"product","link":"https:\/\/becreative.ee\/en\/product\/liimipadjad-vahast-pitserite-liimimiseks\/","title":{"rendered":"Liimipadjad vahast pitserite liimimiseks"},"content":{"rendered":"<p>\u00dcmmargused, l\u00e4bipaistvad kahepoolse liimiga padjad on m\u00f5eldud vahast valmistatud pitserite kinnitamiseks. Pakendis on kokku 50 kleebist. \u00dche kleebise l\u00e4bim\u00f5\u00f5t 2,54 cm.<\/p>","protected":false},"excerpt":{"rendered":"<p>\u00dcmmargused, l\u00e4bipaistvad kahepoolse liimiga padjad on m\u00f5eldud vahast valmistatud pitserite kinnitamiseks. Pakendis on kokku 50 kleebist. \u00dche kleebise l\u00e4bim\u00f5\u00f5t 2,54 cm.<\/p>","protected":false},"featured_media":6593,"template":"","meta":[],"product_brand":[],"product_cat":[263,1066,1317,1014],"product_tag":[],"class_list":{"0":"post-6592","1":"product","2":"type-product","3":"status-publish","4":"has-post-thumbnail","6":"product_cat-brandid","7":"product_cat-liimid-teibid","8":"product_cat-spellbinders","9":"product_cat-tood-paberiga","11":"first","12":"instock","13":"taxable","14":"shipping-taxable","15":"purchasable","16":"product-type-simple"},"jetpack_sharing_enabled":true,"_links":{"self":[{"href":"https:\/\/becreative.ee\/en\/wp-json\/wp\/v2\/product\/6592","targetHints":{"allow":["GET"]}}],"collection":[{"href":"https:\/\/becreative.ee\/en\/wp-json\/wp\/v2\/product"}],"about":[{"href":"https:\/\/becreative.ee\/en\/wp-json\/wp\/v2\/types\/product"}],"version-history":[{"count":1,"href":"https:\/\/becreative.ee\/en\/wp-json\/wp\/v2\/product\/6592\/revisions"}],"predecessor-version":[{"id":6595,"href":"https:\/\/becreative.ee\/en\/wp-json\/wp\/v2\/product\/6592\/revisions\/6595"}],"wp:featuredmedia":[{"embeddable":true,"href":"https:\/\/becreative.ee\/en\/wp-json\/wp\/v2\/media\/6593"}],"wp:attachment":[{"href":"https:\/\/becreative.ee\/en\/wp-json\/wp\/v2\/media?parent=6592"}],"wp:term":[{"taxonomy":"product_brand","embeddable":true,"href":"https:\/\/becreative.ee\/en\/wp-json\/wp\/v2\/product_brand?post=6592"},{"taxonomy":"product_cat","embeddable":true,"href":"https:\/\/becreative.ee\/en\/wp-json\/wp\/v2\/product_cat?post=6592"},{"taxonomy":"product_tag","embeddable":true,"href":"https:\/\/becreative.ee\/en\/wp-json\/wp\/v2\/product_tag?post=6592"}],"curies":[{"name":"wp","href":"https:\/\/api.w.org\/{rel}","templated":true}]}}