{"id":6596,"date":"2024-03-12T17:38:42","date_gmt":"2024-03-12T17:38:42","guid":{"rendered":"https:\/\/becreative.ee\/?post_type=product&#038;p=6596"},"modified":"2024-04-24T16:48:32","modified_gmt":"2024-04-24T16:48:32","slug":"seikeri-toorik-taht","status":"publish","type":"product","link":"https:\/\/becreative.ee\/en\/product\/seikeri-toorik-taht\/","title":{"rendered":"\u0160eikeri toorik  &#8211; t\u00e4ht"},"content":{"rendered":"<p>\u0160eikereid saab kasutada erinevate kaartide ja paberist kaunistuste valmistamisel. Pakendis 10 \u0161eikerit m\u00f5\u00f5tudega 9 x 8,5 cm.<\/p>","protected":false},"excerpt":{"rendered":"<p>\u0160eikereid saab kasutada erinevate kaartide ja paberist kaunistuste valmistamisel. Pakendis 10 \u0161eikerit m\u00f5\u00f5tudega 9 x 8,5 cm.<\/p>","protected":false},"featured_media":6597,"template":"","meta":[],"product_brand":[],"product_cat":[263,1308,1321,1014],"product_tag":[],"class_list":{"0":"post-6596","1":"product","2":"type-product","3":"status-publish","4":"has-post-thumbnail","6":"product_cat-brandid","7":"product_cat-seikerite-valmistamine","8":"product_cat-studio-light","9":"product_cat-tood-paberiga","11":"first","12":"instock","13":"taxable","14":"shipping-taxable","15":"purchasable","16":"product-type-simple"},"jetpack_sharing_enabled":true,"_links":{"self":[{"href":"https:\/\/becreative.ee\/en\/wp-json\/wp\/v2\/product\/6596","targetHints":{"allow":["GET"]}}],"collection":[{"href":"https:\/\/becreative.ee\/en\/wp-json\/wp\/v2\/product"}],"about":[{"href":"https:\/\/becreative.ee\/en\/wp-json\/wp\/v2\/types\/product"}],"version-history":[{"count":1,"href":"https:\/\/becreative.ee\/en\/wp-json\/wp\/v2\/product\/6596\/revisions"}],"predecessor-version":[{"id":6598,"href":"https:\/\/becreative.ee\/en\/wp-json\/wp\/v2\/product\/6596\/revisions\/6598"}],"wp:featuredmedia":[{"embeddable":true,"href":"https:\/\/becreative.ee\/en\/wp-json\/wp\/v2\/media\/6597"}],"wp:attachment":[{"href":"https:\/\/becreative.ee\/en\/wp-json\/wp\/v2\/media?parent=6596"}],"wp:term":[{"taxonomy":"product_brand","embeddable":true,"href":"https:\/\/becreative.ee\/en\/wp-json\/wp\/v2\/product_brand?post=6596"},{"taxonomy":"product_cat","embeddable":true,"href":"https:\/\/becreative.ee\/en\/wp-json\/wp\/v2\/product_cat?post=6596"},{"taxonomy":"product_tag","embeddable":true,"href":"https:\/\/becreative.ee\/en\/wp-json\/wp\/v2\/product_tag?post=6596"}],"curies":[{"name":"wp","href":"https:\/\/api.w.org\/{rel}","templated":true}]}}