{"id":6616,"date":"2024-04-03T17:29:18","date_gmt":"2024-04-03T17:29:18","guid":{"rendered":"https:\/\/becreative.ee\/?post_type=product&#038;p=6616"},"modified":"2024-04-03T17:29:18","modified_gmt":"2024-04-03T17:29:18","slug":"studio-light-seikeri-kaunistused","status":"publish","type":"product","link":"https:\/\/becreative.ee\/en\/product\/studio-light-seikeri-kaunistused\/","title":{"rendered":"Studio Light \u0160eikeri kaunistused"},"content":{"rendered":"<p>\u0160eikerite ja teiste kinniste taskutega kaunistuse loomiseks m\u00f5eldud litrite ja muude detailide segud. Igas pakendis on kuus erineva v\u00e4rvi ja kujuga kaunistust.<\/p>","protected":false},"excerpt":{"rendered":"<p>\u0160eikerite ja teiste kinniste taskutega kaunistuse loomiseks m\u00f5eldud litrite ja muude detailide segud. Igas pakendis on kuus erineva v\u00e4rvi ja kujuga kaunistust.<\/p>","protected":false},"featured_media":6618,"template":"","meta":[],"product_brand":[],"product_cat":[263,1308,1321,1014],"product_tag":[],"class_list":{"0":"post-6616","1":"product","2":"type-product","3":"status-publish","4":"has-post-thumbnail","6":"product_cat-brandid","7":"product_cat-seikerite-valmistamine","8":"product_cat-studio-light","9":"product_cat-tood-paberiga","11":"first","12":"instock","13":"taxable","14":"shipping-taxable","15":"purchasable","16":"product-type-variable"},"jetpack_sharing_enabled":true,"_links":{"self":[{"href":"https:\/\/becreative.ee\/en\/wp-json\/wp\/v2\/product\/6616","targetHints":{"allow":["GET"]}}],"collection":[{"href":"https:\/\/becreative.ee\/en\/wp-json\/wp\/v2\/product"}],"about":[{"href":"https:\/\/becreative.ee\/en\/wp-json\/wp\/v2\/types\/product"}],"version-history":[{"count":1,"href":"https:\/\/becreative.ee\/en\/wp-json\/wp\/v2\/product\/6616\/revisions"}],"predecessor-version":[{"id":6617,"href":"https:\/\/becreative.ee\/en\/wp-json\/wp\/v2\/product\/6616\/revisions\/6617"}],"wp:featuredmedia":[{"embeddable":true,"href":"https:\/\/becreative.ee\/en\/wp-json\/wp\/v2\/media\/6618"}],"wp:attachment":[{"href":"https:\/\/becreative.ee\/en\/wp-json\/wp\/v2\/media?parent=6616"}],"wp:term":[{"taxonomy":"product_brand","embeddable":true,"href":"https:\/\/becreative.ee\/en\/wp-json\/wp\/v2\/product_brand?post=6616"},{"taxonomy":"product_cat","embeddable":true,"href":"https:\/\/becreative.ee\/en\/wp-json\/wp\/v2\/product_cat?post=6616"},{"taxonomy":"product_tag","embeddable":true,"href":"https:\/\/becreative.ee\/en\/wp-json\/wp\/v2\/product_tag?post=6616"}],"curies":[{"name":"wp","href":"https:\/\/api.w.org\/{rel}","templated":true}]}}