{"id":6631,"date":"2024-04-03T17:46:42","date_gmt":"2024-04-03T17:46:42","guid":{"rendered":"https:\/\/becreative.ee\/?post_type=product&#038;p=6631"},"modified":"2024-04-24T16:48:22","modified_gmt":"2024-04-24T16:48:22","slug":"studio-light-loiketera-taht","status":"publish","type":"product","link":"https:\/\/becreative.ee\/en\/product\/studio-light-loiketera-taht\/","title":{"rendered":"Studio Light l\u00f5iketera t\u00e4ht"},"content":{"rendered":"<p>L\u00f5iketerade abil (kasutades spetsiaalset masinat) on v\u00f5imalik paberist ja kartongist v\u00e4lja l\u00f5igata erinevaid kujundeid. T\u00e4he kujundi m\u00f5\u00f5tmed on 100 x 95 mm. Sobib ideaalselt sama tootja t\u00e4he \u0161eikeriga kasutamiseks.<\/p>","protected":false},"excerpt":{"rendered":"<p>L\u00f5iketerade abil (kasutades spetsiaalset masinat) on v\u00f5imalik paberist ja kartongist v\u00e4lja l\u00f5igata erinevaid kujundeid. T\u00e4he kujundi m\u00f5\u00f5tmed on 100 x 95 mm. Sobib ideaalselt sama tootja t\u00e4he \u0161eikeriga kasutamiseks.<\/p>","protected":false},"featured_media":6632,"template":"","meta":[],"product_brand":[],"product_cat":[263,1327,1321,1014],"product_tag":[],"class_list":{"0":"post-6631","1":"product","2":"type-product","3":"status-publish","4":"has-post-thumbnail","6":"product_cat-brandid","7":"product_cat-loiketerad","8":"product_cat-studio-light","9":"product_cat-tood-paberiga","11":"first","12":"instock","13":"taxable","14":"shipping-taxable","15":"purchasable","16":"product-type-simple"},"jetpack_sharing_enabled":true,"_links":{"self":[{"href":"https:\/\/becreative.ee\/en\/wp-json\/wp\/v2\/product\/6631","targetHints":{"allow":["GET"]}}],"collection":[{"href":"https:\/\/becreative.ee\/en\/wp-json\/wp\/v2\/product"}],"about":[{"href":"https:\/\/becreative.ee\/en\/wp-json\/wp\/v2\/types\/product"}],"version-history":[{"count":1,"href":"https:\/\/becreative.ee\/en\/wp-json\/wp\/v2\/product\/6631\/revisions"}],"predecessor-version":[{"id":6633,"href":"https:\/\/becreative.ee\/en\/wp-json\/wp\/v2\/product\/6631\/revisions\/6633"}],"wp:featuredmedia":[{"embeddable":true,"href":"https:\/\/becreative.ee\/en\/wp-json\/wp\/v2\/media\/6632"}],"wp:attachment":[{"href":"https:\/\/becreative.ee\/en\/wp-json\/wp\/v2\/media?parent=6631"}],"wp:term":[{"taxonomy":"product_brand","embeddable":true,"href":"https:\/\/becreative.ee\/en\/wp-json\/wp\/v2\/product_brand?post=6631"},{"taxonomy":"product_cat","embeddable":true,"href":"https:\/\/becreative.ee\/en\/wp-json\/wp\/v2\/product_cat?post=6631"},{"taxonomy":"product_tag","embeddable":true,"href":"https:\/\/becreative.ee\/en\/wp-json\/wp\/v2\/product_tag?post=6631"}],"curies":[{"name":"wp","href":"https:\/\/api.w.org\/{rel}","templated":true}]}}