{"id":6634,"date":"2024-04-03T18:03:36","date_gmt":"2024-04-03T18:03:36","guid":{"rendered":"https:\/\/becreative.ee\/?post_type=product&#038;p=6634"},"modified":"2024-04-03T18:03:37","modified_gmt":"2024-04-03T18:03:37","slug":"albumi-valmistamise-tooriist","status":"publish","type":"product","link":"https:\/\/becreative.ee\/en\/product\/albumi-valmistamise-tooriist\/","title":{"rendered":"Albumi valmistamise t\u00f6\u00f6riist"},"content":{"rendered":"<p>Metallist viis-\u00fches t\u00f6\u00f6riist aitab ja lihtsustab erinevate albumite ja karpide valmistamist. T\u00f6\u00f6riist abistab t\u00fckkide \u00fchtlaste vahedega paigutamist v\u00f5i siis nurkade t\u00e4pset l\u00f5ikamist.<\/p>","protected":false},"excerpt":{"rendered":"<p>Metallist viis-\u00fches t\u00f6\u00f6riist aitab ja lihtsustab erinevate albumite ja karpide valmistamist. T\u00f6\u00f6riist abistab t\u00fckkide \u00fchtlaste vahedega paigutamist v\u00f5i siis nurkade t\u00e4pset l\u00f5ikamist.<\/p>","protected":false},"featured_media":6635,"template":"","meta":[],"product_brand":[],"product_cat":[263,1014,1015,1105],"product_tag":[],"class_list":{"0":"post-6634","1":"product","2":"type-product","3":"status-publish","4":"has-post-thumbnail","6":"product_cat-brandid","7":"product_cat-tood-paberiga","8":"product_cat-tooriistad-tood-paberiga","9":"product_cat-we-r-memory-keepers","11":"first","12":"instock","13":"taxable","14":"shipping-taxable","15":"purchasable","16":"product-type-simple"},"jetpack_sharing_enabled":true,"_links":{"self":[{"href":"https:\/\/becreative.ee\/en\/wp-json\/wp\/v2\/product\/6634","targetHints":{"allow":["GET"]}}],"collection":[{"href":"https:\/\/becreative.ee\/en\/wp-json\/wp\/v2\/product"}],"about":[{"href":"https:\/\/becreative.ee\/en\/wp-json\/wp\/v2\/types\/product"}],"version-history":[{"count":1,"href":"https:\/\/becreative.ee\/en\/wp-json\/wp\/v2\/product\/6634\/revisions"}],"predecessor-version":[{"id":6638,"href":"https:\/\/becreative.ee\/en\/wp-json\/wp\/v2\/product\/6634\/revisions\/6638"}],"wp:featuredmedia":[{"embeddable":true,"href":"https:\/\/becreative.ee\/en\/wp-json\/wp\/v2\/media\/6635"}],"wp:attachment":[{"href":"https:\/\/becreative.ee\/en\/wp-json\/wp\/v2\/media?parent=6634"}],"wp:term":[{"taxonomy":"product_brand","embeddable":true,"href":"https:\/\/becreative.ee\/en\/wp-json\/wp\/v2\/product_brand?post=6634"},{"taxonomy":"product_cat","embeddable":true,"href":"https:\/\/becreative.ee\/en\/wp-json\/wp\/v2\/product_cat?post=6634"},{"taxonomy":"product_tag","embeddable":true,"href":"https:\/\/becreative.ee\/en\/wp-json\/wp\/v2\/product_tag?post=6634"}],"curies":[{"name":"wp","href":"https:\/\/api.w.org\/{rel}","templated":true}]}}