{"id":6639,"date":"2024-04-04T19:07:51","date_gmt":"2024-04-04T19:07:51","guid":{"rendered":"https:\/\/becreative.ee\/?post_type=product&#038;p=6639"},"modified":"2024-04-04T19:07:51","modified_gmt":"2024-04-04T19:07:51","slug":"vinuuljaagi-konteiner","status":"publish","type":"product","link":"https:\/\/becreative.ee\/en\/product\/vinuuljaagi-konteiner\/","title":{"rendered":"Vin\u00fc\u00fclj\u00e4\u00e4gi konteiner"},"content":{"rendered":"<p>Tihti on vin\u00fc\u00fcli v\u00f5i kuumpresskile puhastamisel k\u00f5ige keerulisem osa materjal konksu otsast \u00e4ra saada. K\u00e4ep\u00e4rane konteiner lihtsustab seda tegevust tunduvalt. Komplekti kuulub kaks erinevat konteinerit. \u00dcks on kinnitatav erinevatele siledatele pindadele ja teine s\u00f5rme k\u00fclge. Silikoonist konteinerit on kerge puhastada ja uuesti kasutada.<\/p>","protected":false},"excerpt":{"rendered":"<p>Tihti on vin\u00fc\u00fcli v\u00f5i kuumpresskile puhastamisel k\u00f5ige keerulisem osa materjal konksu otsast \u00e4ra saada. K\u00e4ep\u00e4rane konteiner lihtsustab seda tegevust tunduvalt. Komplekti kuulub kaks erinevat konteinerit. \u00dcks on kinnitatav erinevatele siledatele pindadele ja teine s\u00f5rme k\u00fclge. Silikoonist konteinerit on kerge puhastada ja uuesti kasutada.<\/p>","protected":false},"featured_media":6640,"template":"","meta":[],"product_brand":[],"product_cat":[263,960,871,1105],"product_tag":[],"class_list":{"0":"post-6639","1":"product","2":"type-product","3":"status-publish","4":"has-post-thumbnail","6":"product_cat-brandid","7":"product_cat-tooriistad","8":"product_cat-vahendid-loikemasinatele","9":"product_cat-we-r-memory-keepers","11":"first","12":"instock","13":"taxable","14":"shipping-taxable","15":"purchasable","16":"product-type-simple"},"jetpack_sharing_enabled":true,"_links":{"self":[{"href":"https:\/\/becreative.ee\/en\/wp-json\/wp\/v2\/product\/6639","targetHints":{"allow":["GET"]}}],"collection":[{"href":"https:\/\/becreative.ee\/en\/wp-json\/wp\/v2\/product"}],"about":[{"href":"https:\/\/becreative.ee\/en\/wp-json\/wp\/v2\/types\/product"}],"version-history":[{"count":1,"href":"https:\/\/becreative.ee\/en\/wp-json\/wp\/v2\/product\/6639\/revisions"}],"predecessor-version":[{"id":6641,"href":"https:\/\/becreative.ee\/en\/wp-json\/wp\/v2\/product\/6639\/revisions\/6641"}],"wp:featuredmedia":[{"embeddable":true,"href":"https:\/\/becreative.ee\/en\/wp-json\/wp\/v2\/media\/6640"}],"wp:attachment":[{"href":"https:\/\/becreative.ee\/en\/wp-json\/wp\/v2\/media?parent=6639"}],"wp:term":[{"taxonomy":"product_brand","embeddable":true,"href":"https:\/\/becreative.ee\/en\/wp-json\/wp\/v2\/product_brand?post=6639"},{"taxonomy":"product_cat","embeddable":true,"href":"https:\/\/becreative.ee\/en\/wp-json\/wp\/v2\/product_cat?post=6639"},{"taxonomy":"product_tag","embeddable":true,"href":"https:\/\/becreative.ee\/en\/wp-json\/wp\/v2\/product_tag?post=6639"}],"curies":[{"name":"wp","href":"https:\/\/api.w.org\/{rel}","templated":true}]}}