{"id":6723,"date":"2024-08-27T15:11:13","date_gmt":"2024-08-27T15:11:13","guid":{"rendered":"https:\/\/becreative.ee\/?post_type=product&#038;p=6723"},"modified":"2024-08-27T15:16:42","modified_gmt":"2024-08-27T15:16:42","slug":"maraka-toorik","status":"publish","type":"product","link":"https:\/\/becreative.ee\/en\/product\/maraka-toorik\/","title":{"rendered":"Maraka toorik"},"content":{"rendered":"<p>Marakas on r\u00fctmipill, millest saavad r\u00f5\u00f5mu nii suured kui v\u00e4iksesed. Antud toode on m\u00f5eldud toorikuna oman\u00e4olise maraka loomiseks. Heegeldage, kuduge v\u00f5i \u00f5mmelge \u00fcmber puidust maraka toorikute ja looge unikaalseid m\u00e4nguasju. Toorikud on v\u00e4ikese lapse k\u00e4e jaoks paraja suurusega. Marakad on sertifitseeritud ja tunnistatud kahjulike kemikaalide ja ainete vabaks. Pilli m\u00f5\u00f5dud on 16 x 5 cm.<\/p>","protected":false},"excerpt":{"rendered":"<p>Marakas on r\u00fctmipill, millest saavad r\u00f5\u00f5mu nii suured kui v\u00e4iksesed. Antud toode on m\u00f5eldud toorikuna oman\u00e4olise maraka loomiseks. Heegeldage, kuduge v\u00f5i \u00f5mmelge \u00fcmber puidust maraka toorikute ja looge unikaalseid m\u00e4nguasju. Toorikud on v\u00e4ikese lapse k\u00e4e jaoks paraja suurusega. Marakad on sertifitseeritud ja tunnistatud kahjulike kemikaalide ja ainete vabaks. Pilli m\u00f5\u00f5dud on 16 x 5 cm.<\/p>","protected":false},"featured_media":6724,"template":"","meta":[],"product_brand":[],"product_cat":[263,55,17,271],"product_tag":[],"class_list":{"0":"post-6723","1":"product","2":"type-product","3":"status-publish","4":"has-post-thumbnail","6":"product_cat-brandid","7":"product_cat-koristid","8":"product_cat-manguasjadevalmistamine","9":"product_cat-opry","11":"first","12":"instock","13":"taxable","14":"shipping-taxable","15":"purchasable","16":"product-type-simple"},"jetpack_sharing_enabled":true,"_links":{"self":[{"href":"https:\/\/becreative.ee\/en\/wp-json\/wp\/v2\/product\/6723","targetHints":{"allow":["GET"]}}],"collection":[{"href":"https:\/\/becreative.ee\/en\/wp-json\/wp\/v2\/product"}],"about":[{"href":"https:\/\/becreative.ee\/en\/wp-json\/wp\/v2\/types\/product"}],"version-history":[{"count":1,"href":"https:\/\/becreative.ee\/en\/wp-json\/wp\/v2\/product\/6723\/revisions"}],"predecessor-version":[{"id":6725,"href":"https:\/\/becreative.ee\/en\/wp-json\/wp\/v2\/product\/6723\/revisions\/6725"}],"wp:featuredmedia":[{"embeddable":true,"href":"https:\/\/becreative.ee\/en\/wp-json\/wp\/v2\/media\/6724"}],"wp:attachment":[{"href":"https:\/\/becreative.ee\/en\/wp-json\/wp\/v2\/media?parent=6723"}],"wp:term":[{"taxonomy":"product_brand","embeddable":true,"href":"https:\/\/becreative.ee\/en\/wp-json\/wp\/v2\/product_brand?post=6723"},{"taxonomy":"product_cat","embeddable":true,"href":"https:\/\/becreative.ee\/en\/wp-json\/wp\/v2\/product_cat?post=6723"},{"taxonomy":"product_tag","embeddable":true,"href":"https:\/\/becreative.ee\/en\/wp-json\/wp\/v2\/product_tag?post=6723"}],"curies":[{"name":"wp","href":"https:\/\/api.w.org\/{rel}","templated":true}]}}