{"id":6732,"date":"2024-08-27T19:04:17","date_gmt":"2024-08-27T19:04:17","guid":{"rendered":"https:\/\/becreative.ee\/?post_type=product&#038;p=6732"},"modified":"2025-12-08T18:56:20","modified_gmt":"2025-12-08T18:56:20","slug":"scheepjes-pimedas-helendav-long","status":"publish","type":"product","link":"https:\/\/becreative.ee\/en\/product\/scheepjes-pimedas-helendav-long\/","title":{"rendered":"Scheepjes pimedas helendav l\u00f5ng"},"content":{"rendered":"<p>L\u00f5ng: 100 % pol\u00fcester<\/p>\n<p>Varda suurus: 2,75 \u2013 4 mm<\/p>\n<p>Heegeln\u00f5ela suurus: 2,75 \u2013 4 mm<\/p>\n<p>Kaal: 50 g<\/p>\n<p>L\u00f5nga pikkus: 105 m<\/p>\n<p>&nbsp;<\/p>\n<p>Pesujuhised:<\/p>\n<p><img decoding=\"async\" class=\"alignnone size-full wp-image-879\" src=\"https:\/\/becreative.ee\/wp-content\/uploads\/2020\/04\/k\u00e4sitsipesu.png\" alt=\"\" width=\"50\" height=\"50\" \/>\u00a0<img decoding=\"async\" class=\"alignnone size-full wp-image-298\" src=\"https:\/\/becreative.ee\/wp-content\/uploads\/2020\/03\/trummelkuivatus_keelatud.png\" alt=\"\" width=\"50\" height=\"50\" \/>\u00a0<img decoding=\"async\" class=\"alignnone size-full wp-image-299\" src=\"https:\/\/becreative.ee\/wp-content\/uploads\/2020\/03\/valgendamine-keelatud.png\" alt=\"\" width=\"50\" height=\"50\" \/>\u00a0<img loading=\"lazy\" decoding=\"async\" class=\"alignnone size-full wp-image-302\" src=\"https:\/\/becreative.ee\/wp-content\/uploads\/2020\/03\/kuivatada_laotatult.png\" alt=\"\" width=\"50\" height=\"50\" \/> <img loading=\"lazy\" decoding=\"async\" class=\"alignnone size-full wp-image-1407\" src=\"https:\/\/becreative.ee\/wp-content\/uploads\/2020\/05\/triikimine_keelatud.png\" alt=\"\" width=\"50\" height=\"50\" \/> <img loading=\"lazy\" decoding=\"async\" class=\"alignnone size-full wp-image-1408\" src=\"https:\/\/becreative.ee\/wp-content\/uploads\/2020\/05\/keemiline_puhastus_keelatud.png\" alt=\"\" width=\"50\" height=\"50\" \/><\/p>\n<p>&nbsp;<\/p>\n<p>See eriline l\u00f5ng on p\u00e4evavalguses valget v\u00e4rvi. Pimeduse saabudes aga muutub roheliselt helendavaks. T\u00e4nu sellele on l\u00f5ngaga tore heegeldada v\u00f5i kududa kaisukaid v\u00f5i muid magamistoa kaunistusi.<\/p>","protected":false},"excerpt":{"rendered":"<p>L\u00f5ng: 100 % pol\u00fcester<\/p>\n<p>Varda suurus: 2,75 \u2013 4 mm<\/p>\n<p>Heegeln\u00f5ela suurus: 2,75 \u2013 4 mm<\/p>\n<p>Kaal: 50 g<\/p>\n<p>L\u00f5nga pikkus: 105 m<\/p>","protected":false},"featured_media":6733,"template":"","meta":[],"product_brand":[],"product_cat":[263,23,580,264],"product_tag":[],"class_list":{"0":"post-6732","1":"product","2":"type-product","3":"status-publish","4":"has-post-thumbnail","6":"product_cat-brandid","7":"product_cat-longad","8":"product_cat-poluester","9":"product_cat-scheepjes","11":"first","12":"instock","13":"taxable","14":"shipping-taxable","15":"purchasable","16":"product-type-simple"},"jetpack_sharing_enabled":true,"_links":{"self":[{"href":"https:\/\/becreative.ee\/en\/wp-json\/wp\/v2\/product\/6732","targetHints":{"allow":["GET"]}}],"collection":[{"href":"https:\/\/becreative.ee\/en\/wp-json\/wp\/v2\/product"}],"about":[{"href":"https:\/\/becreative.ee\/en\/wp-json\/wp\/v2\/types\/product"}],"version-history":[{"count":1,"href":"https:\/\/becreative.ee\/en\/wp-json\/wp\/v2\/product\/6732\/revisions"}],"predecessor-version":[{"id":6735,"href":"https:\/\/becreative.ee\/en\/wp-json\/wp\/v2\/product\/6732\/revisions\/6735"}],"wp:featuredmedia":[{"embeddable":true,"href":"https:\/\/becreative.ee\/en\/wp-json\/wp\/v2\/media\/6733"}],"wp:attachment":[{"href":"https:\/\/becreative.ee\/en\/wp-json\/wp\/v2\/media?parent=6732"}],"wp:term":[{"taxonomy":"product_brand","embeddable":true,"href":"https:\/\/becreative.ee\/en\/wp-json\/wp\/v2\/product_brand?post=6732"},{"taxonomy":"product_cat","embeddable":true,"href":"https:\/\/becreative.ee\/en\/wp-json\/wp\/v2\/product_cat?post=6732"},{"taxonomy":"product_tag","embeddable":true,"href":"https:\/\/becreative.ee\/en\/wp-json\/wp\/v2\/product_tag?post=6732"}],"curies":[{"name":"wp","href":"https:\/\/api.w.org\/{rel}","templated":true}]}}