{"id":6745,"date":"2024-09-03T16:14:11","date_gmt":"2024-09-03T16:14:11","guid":{"rendered":"https:\/\/becreative.ee\/?post_type=product&#038;p=6745"},"modified":"2024-11-06T11:23:03","modified_gmt":"2024-11-06T11:23:03","slug":"opry-spiraaltomblukk-2-meetrit","status":"publish","type":"product","link":"https:\/\/becreative.ee\/en\/product\/opry-spiraaltomblukk-2-meetrit\/","title":{"rendered":"Opry spiraalt\u00f5mblukk 2 meetrit"},"content":{"rendered":"<p>Kui soovite t\u00f5mbluku pikkust ise m\u00e4\u00e4rata, siis see lukk on just \u00f5ige valik. 6 mm laiune lukk on valmistatud pol\u00fcestrist ja on 2 meetrit pikk. Lukuga on kaasas 5 lukukelku.<\/p>","protected":false},"excerpt":{"rendered":"<p>Kui soovite t\u00f5mbluku pikkust ise m\u00e4\u00e4rata, siis see lukk on just \u00f5ige valik. 6 mm laiune lukk on valmistatud pol\u00fcestrist ja on 2 meetrit pikk. Lukuga on kaasas 5 lukukelku.<\/p>","protected":false},"featured_media":6750,"template":"","meta":[],"product_brand":[],"product_cat":[263,1329,932,271],"product_tag":[],"class_list":{"0":"post-6745","1":"product","2":"type-product","3":"status-publish","4":"has-post-thumbnail","6":"product_cat-brandid","7":"product_cat-lukud","8":"product_cat-omblemine","9":"product_cat-opry","11":"first","12":"instock","13":"taxable","14":"shipping-taxable","15":"purchasable","16":"product-type-variable"},"jetpack_sharing_enabled":true,"_links":{"self":[{"href":"https:\/\/becreative.ee\/en\/wp-json\/wp\/v2\/product\/6745","targetHints":{"allow":["GET"]}}],"collection":[{"href":"https:\/\/becreative.ee\/en\/wp-json\/wp\/v2\/product"}],"about":[{"href":"https:\/\/becreative.ee\/en\/wp-json\/wp\/v2\/types\/product"}],"version-history":[{"count":1,"href":"https:\/\/becreative.ee\/en\/wp-json\/wp\/v2\/product\/6745\/revisions"}],"predecessor-version":[{"id":6749,"href":"https:\/\/becreative.ee\/en\/wp-json\/wp\/v2\/product\/6745\/revisions\/6749"}],"wp:featuredmedia":[{"embeddable":true,"href":"https:\/\/becreative.ee\/en\/wp-json\/wp\/v2\/media\/6750"}],"wp:attachment":[{"href":"https:\/\/becreative.ee\/en\/wp-json\/wp\/v2\/media?parent=6745"}],"wp:term":[{"taxonomy":"product_brand","embeddable":true,"href":"https:\/\/becreative.ee\/en\/wp-json\/wp\/v2\/product_brand?post=6745"},{"taxonomy":"product_cat","embeddable":true,"href":"https:\/\/becreative.ee\/en\/wp-json\/wp\/v2\/product_cat?post=6745"},{"taxonomy":"product_tag","embeddable":true,"href":"https:\/\/becreative.ee\/en\/wp-json\/wp\/v2\/product_tag?post=6745"}],"curies":[{"name":"wp","href":"https:\/\/api.w.org\/{rel}","templated":true}]}}