{"id":6752,"date":"2024-09-03T16:33:37","date_gmt":"2024-09-03T16:33:37","guid":{"rendered":"https:\/\/becreative.ee\/?post_type=product&#038;p=6752"},"modified":"2024-09-03T16:33:38","modified_gmt":"2024-09-03T16:33:38","slug":"gutermann-niitide-hoiustamise-karp","status":"publish","type":"product","link":"https:\/\/becreative.ee\/en\/product\/gutermann-niitide-hoiustamise-karp\/","title":{"rendered":"G\u00fctermann niitide hoiustamise karp"},"content":{"rendered":"<p>G\u00fctermanni niitide hoiustamise karp mahutab kuni 18 pooli. Akr\u00fc\u00fclist valmistatud karbi m\u00f5\u00f5tmed on 136 x 62 x 78 mm.<\/p>","protected":false},"excerpt":{"rendered":"<p>G\u00fctermanni niitide hoiustamise karp mahutab kuni 18 pooli. Akr\u00fc\u00fclist valmistatud karbi m\u00f5\u00f5tmed on 136 x 62 x 78 mm.<\/p>","protected":false},"featured_media":6753,"template":"","meta":[],"product_brand":[],"product_cat":[263,1281,932,934],"product_tag":[],"class_list":{"0":"post-6752","1":"product","2":"type-product","3":"status-publish","4":"has-post-thumbnail","6":"product_cat-brandid","7":"product_cat-gutermann","8":"product_cat-omblemine","9":"product_cat-tarvikud","11":"first","12":"instock","13":"taxable","14":"shipping-taxable","15":"purchasable","16":"product-type-simple"},"jetpack_sharing_enabled":true,"_links":{"self":[{"href":"https:\/\/becreative.ee\/en\/wp-json\/wp\/v2\/product\/6752","targetHints":{"allow":["GET"]}}],"collection":[{"href":"https:\/\/becreative.ee\/en\/wp-json\/wp\/v2\/product"}],"about":[{"href":"https:\/\/becreative.ee\/en\/wp-json\/wp\/v2\/types\/product"}],"version-history":[{"count":1,"href":"https:\/\/becreative.ee\/en\/wp-json\/wp\/v2\/product\/6752\/revisions"}],"predecessor-version":[{"id":6754,"href":"https:\/\/becreative.ee\/en\/wp-json\/wp\/v2\/product\/6752\/revisions\/6754"}],"wp:featuredmedia":[{"embeddable":true,"href":"https:\/\/becreative.ee\/en\/wp-json\/wp\/v2\/media\/6753"}],"wp:attachment":[{"href":"https:\/\/becreative.ee\/en\/wp-json\/wp\/v2\/media?parent=6752"}],"wp:term":[{"taxonomy":"product_brand","embeddable":true,"href":"https:\/\/becreative.ee\/en\/wp-json\/wp\/v2\/product_brand?post=6752"},{"taxonomy":"product_cat","embeddable":true,"href":"https:\/\/becreative.ee\/en\/wp-json\/wp\/v2\/product_cat?post=6752"},{"taxonomy":"product_tag","embeddable":true,"href":"https:\/\/becreative.ee\/en\/wp-json\/wp\/v2\/product_tag?post=6752"}],"curies":[{"name":"wp","href":"https:\/\/api.w.org\/{rel}","templated":true}]}}