{"id":6755,"date":"2024-09-14T15:06:49","date_gmt":"2024-09-14T15:06:49","guid":{"rendered":"https:\/\/becreative.ee\/?post_type=product&#038;p=6755"},"modified":"2026-01-18T12:54:47","modified_gmt":"2026-01-18T12:54:47","slug":"sokijoonlaud","status":"publish","type":"product","link":"https:\/\/becreative.ee\/en\/product\/sokijoonlaud\/","title":{"rendered":"Sokijoonlaud"},"content":{"rendered":"<p>Sokijoonlaud abistab teid sokkide kudumisel, lihtsustades sokkide m\u00f5\u00f5tude kontrollimist. Lisaks n\u00e4itab sokijoonlaud, mis hetkel on vaja hakata sokki kokku v\u00f5tma (m\u00f5eldud jalanumbritele 30 &#8211; 47). Puidust valmistatud joonlaual on \u00fchel pool m\u00f5\u00f5dud sentimeetrites ja teisel pool tollides. Lisana on varraste m\u00f5\u00f5tmiste augus suurustele 2 &#8211; 4 mm.<\/p>","protected":false},"excerpt":{"rendered":"<p>Sokijoonlaud abistab teid sokkide kudumisel, lihtsustades sokkide m\u00f5\u00f5tude kontrollimist. Lisaks n\u00e4itab sokijoonlaud, mis hetkel on vaja hakata sokki kokku v\u00f5tma (m\u00f5eldud jalanumbritele 30 &#8211; 47). Puidust valmistatud joonlaual on \u00fchel pool m\u00f5\u00f5dud sentimeetrites ja teisel pool tollides. Lisana on varraste m\u00f5\u00f5tmiste augus suurustele 2 &#8211; 4 mm.<\/p>","protected":false},"featured_media":6786,"template":"","meta":[],"product_brand":[],"product_cat":[263,782,784,264],"product_tag":[],"class_list":{"0":"post-6755","1":"product","2":"type-product","3":"status-publish","4":"has-post-thumbnail","6":"product_cat-brandid","7":"product_cat-kudumine","8":"product_cat-kudumise-abivahendid","9":"product_cat-scheepjes","11":"first","12":"instock","13":"taxable","14":"shipping-taxable","15":"purchasable","16":"product-type-simple"},"jetpack_sharing_enabled":true,"_links":{"self":[{"href":"https:\/\/becreative.ee\/en\/wp-json\/wp\/v2\/product\/6755","targetHints":{"allow":["GET"]}}],"collection":[{"href":"https:\/\/becreative.ee\/en\/wp-json\/wp\/v2\/product"}],"about":[{"href":"https:\/\/becreative.ee\/en\/wp-json\/wp\/v2\/types\/product"}],"version-history":[{"count":2,"href":"https:\/\/becreative.ee\/en\/wp-json\/wp\/v2\/product\/6755\/revisions"}],"predecessor-version":[{"id":6787,"href":"https:\/\/becreative.ee\/en\/wp-json\/wp\/v2\/product\/6755\/revisions\/6787"}],"wp:featuredmedia":[{"embeddable":true,"href":"https:\/\/becreative.ee\/en\/wp-json\/wp\/v2\/media\/6786"}],"wp:attachment":[{"href":"https:\/\/becreative.ee\/en\/wp-json\/wp\/v2\/media?parent=6755"}],"wp:term":[{"taxonomy":"product_brand","embeddable":true,"href":"https:\/\/becreative.ee\/en\/wp-json\/wp\/v2\/product_brand?post=6755"},{"taxonomy":"product_cat","embeddable":true,"href":"https:\/\/becreative.ee\/en\/wp-json\/wp\/v2\/product_cat?post=6755"},{"taxonomy":"product_tag","embeddable":true,"href":"https:\/\/becreative.ee\/en\/wp-json\/wp\/v2\/product_tag?post=6755"}],"curies":[{"name":"wp","href":"https:\/\/api.w.org\/{rel}","templated":true}]}}