{"id":6854,"date":"2024-11-06T18:39:01","date_gmt":"2024-11-06T18:39:01","guid":{"rendered":"https:\/\/becreative.ee\/?post_type=product&#038;p=6854"},"modified":"2024-11-06T18:39:01","modified_gmt":"2024-11-06T18:39:01","slug":"hoiukott-vahetatavate-otstega-ringvarrastele","status":"publish","type":"product","link":"https:\/\/becreative.ee\/en\/product\/hoiukott-vahetatavate-otstega-ringvarrastele\/","title":{"rendered":"Hoiukott vahetatavate otstega ringvarrastele"},"content":{"rendered":"<p>Spetsiaalne vahetatavate otstega ringvarrastele m\u00f5eldud hoiukott on valimistatud \u00fclipehmest kunstseemisnahast. Koti sees on erineva laiusega sahtlid, kuhu on peale m\u00e4rgitud varda paksused. Koti k\u00fclgedel asuvad lukuga sahtlid tarvikute hoiustamiseks. Koti m\u00f5\u00f5tmed kinniselt 22 x 17,5 x 1,5 cm.<\/p>","protected":false},"excerpt":{"rendered":"<p>Spetsiaalne vahetatavate otstega ringvarrastele m\u00f5eldud hoiukott on valimistatud \u00fclipehmest kunstseemisnahast. Koti sees on erineva laiusega sahtlid, kuhu on peale m\u00e4rgitud varda paksused. Koti k\u00fclgedel asuvad lukuga sahtlid tarvikute hoiustamiseks. Koti m\u00f5\u00f5tmed kinniselt 22 x 17,5 x 1,5 cm.<\/p>","protected":false},"featured_media":6857,"template":"","meta":[],"product_brand":[],"product_cat":[263,321,782,784],"product_tag":[],"class_list":{"0":"post-6854","1":"product","2":"type-product","3":"status-publish","4":"has-post-thumbnail","6":"product_cat-brandid","7":"product_cat-knitpro","8":"product_cat-kudumine","9":"product_cat-kudumise-abivahendid","11":"first","12":"instock","13":"taxable","14":"shipping-taxable","15":"purchasable","16":"product-type-simple"},"jetpack_sharing_enabled":true,"_links":{"self":[{"href":"https:\/\/becreative.ee\/en\/wp-json\/wp\/v2\/product\/6854","targetHints":{"allow":["GET"]}}],"collection":[{"href":"https:\/\/becreative.ee\/en\/wp-json\/wp\/v2\/product"}],"about":[{"href":"https:\/\/becreative.ee\/en\/wp-json\/wp\/v2\/types\/product"}],"version-history":[{"count":1,"href":"https:\/\/becreative.ee\/en\/wp-json\/wp\/v2\/product\/6854\/revisions"}],"predecessor-version":[{"id":6861,"href":"https:\/\/becreative.ee\/en\/wp-json\/wp\/v2\/product\/6854\/revisions\/6861"}],"wp:featuredmedia":[{"embeddable":true,"href":"https:\/\/becreative.ee\/en\/wp-json\/wp\/v2\/media\/6857"}],"wp:attachment":[{"href":"https:\/\/becreative.ee\/en\/wp-json\/wp\/v2\/media?parent=6854"}],"wp:term":[{"taxonomy":"product_brand","embeddable":true,"href":"https:\/\/becreative.ee\/en\/wp-json\/wp\/v2\/product_brand?post=6854"},{"taxonomy":"product_cat","embeddable":true,"href":"https:\/\/becreative.ee\/en\/wp-json\/wp\/v2\/product_cat?post=6854"},{"taxonomy":"product_tag","embeddable":true,"href":"https:\/\/becreative.ee\/en\/wp-json\/wp\/v2\/product_tag?post=6854"}],"curies":[{"name":"wp","href":"https:\/\/api.w.org\/{rel}","templated":true}]}}