{"id":6875,"date":"2024-11-07T17:42:16","date_gmt":"2024-11-07T17:42:16","guid":{"rendered":"https:\/\/becreative.ee\/?post_type=product&#038;p=6875"},"modified":"2025-12-08T21:15:08","modified_gmt":"2025-12-08T21:15:08","slug":"sokiseen","status":"publish","type":"product","link":"https:\/\/becreative.ee\/en\/product\/sokiseen\/","title":{"rendered":"Sokiseen"},"content":{"rendered":"<p>Suurep\u00e4rane abivahend sokkide ja sukkade parandamiseks. Puidust sokiseene m\u00f5\u00f5tmed on 60 x 98 mm.<\/p>","protected":false},"excerpt":{"rendered":"<p>Suurep\u00e4rane abivahend sokkide ja sukkade parandamiseks. Puidust sokiseene m\u00f5\u00f5tmed on 60 x 98 mm.<\/p>","protected":false},"featured_media":6876,"template":"","meta":[],"product_brand":[],"product_cat":[263,1352,932,934],"product_tag":[],"class_list":{"0":"post-6875","1":"product","2":"type-product","3":"status-publish","4":"has-post-thumbnail","6":"product_cat-brandid","7":"product_cat-milward","8":"product_cat-omblemine","9":"product_cat-tarvikud","11":"first","12":"instock","13":"taxable","14":"shipping-taxable","15":"purchasable","16":"product-type-simple"},"jetpack_sharing_enabled":true,"_links":{"self":[{"href":"https:\/\/becreative.ee\/en\/wp-json\/wp\/v2\/product\/6875","targetHints":{"allow":["GET"]}}],"collection":[{"href":"https:\/\/becreative.ee\/en\/wp-json\/wp\/v2\/product"}],"about":[{"href":"https:\/\/becreative.ee\/en\/wp-json\/wp\/v2\/types\/product"}],"version-history":[{"count":1,"href":"https:\/\/becreative.ee\/en\/wp-json\/wp\/v2\/product\/6875\/revisions"}],"predecessor-version":[{"id":6878,"href":"https:\/\/becreative.ee\/en\/wp-json\/wp\/v2\/product\/6875\/revisions\/6878"}],"wp:featuredmedia":[{"embeddable":true,"href":"https:\/\/becreative.ee\/en\/wp-json\/wp\/v2\/media\/6876"}],"wp:attachment":[{"href":"https:\/\/becreative.ee\/en\/wp-json\/wp\/v2\/media?parent=6875"}],"wp:term":[{"taxonomy":"product_brand","embeddable":true,"href":"https:\/\/becreative.ee\/en\/wp-json\/wp\/v2\/product_brand?post=6875"},{"taxonomy":"product_cat","embeddable":true,"href":"https:\/\/becreative.ee\/en\/wp-json\/wp\/v2\/product_cat?post=6875"},{"taxonomy":"product_tag","embeddable":true,"href":"https:\/\/becreative.ee\/en\/wp-json\/wp\/v2\/product_tag?post=6875"}],"curies":[{"name":"wp","href":"https:\/\/api.w.org\/{rel}","templated":true}]}}