{"id":6882,"date":"2024-11-10T07:37:31","date_gmt":"2024-11-10T07:37:31","guid":{"rendered":"https:\/\/becreative.ee\/?post_type=product&#038;p=6882"},"modified":"2024-11-10T07:37:31","modified_gmt":"2024-11-10T07:37:31","slug":"milward-noopnoelad","status":"publish","type":"product","link":"https:\/\/becreative.ee\/en\/product\/milward-noopnoelad\/","title":{"rendered":"Milward n\u00f6\u00f6pn\u00f5elad"},"content":{"rendered":"<p>Nikeldatud terasest n\u00f5elad on v\u00e4ga tugevad ja roostekindlad. N\u00f5ela pikkuseks on 34 mm ja paksuseks 0,65 mm. Ilusas, klaasist valmistatud pakendis on kokku 75 n\u00f5ela.<\/p>","protected":false},"excerpt":{"rendered":"<p>Nikeldatud terasest n\u00f5elad on v\u00e4ga tugevad ja roostekindlad. N\u00f5ela pikkuseks on 34 mm ja paksuseks 0,65 mm. Ilusas, klaasist valmistatud pakendis on kokku 75 n\u00f5ela.<\/p>","protected":false},"featured_media":6883,"template":"","meta":[],"product_brand":[],"product_cat":[263,279,1352,786,940,932],"product_tag":[],"class_list":{"0":"post-6882","1":"product","2":"type-product","3":"status-publish","4":"has-post-thumbnail","6":"product_cat-brandid","7":"product_cat-kasitooks-vajalik","8":"product_cat-milward","9":"product_cat-noelad-materjalid","10":"product_cat-noelad","11":"product_cat-omblemine","13":"first","14":"instock","15":"taxable","16":"shipping-taxable","17":"purchasable","18":"product-type-simple"},"jetpack_sharing_enabled":true,"_links":{"self":[{"href":"https:\/\/becreative.ee\/en\/wp-json\/wp\/v2\/product\/6882","targetHints":{"allow":["GET"]}}],"collection":[{"href":"https:\/\/becreative.ee\/en\/wp-json\/wp\/v2\/product"}],"about":[{"href":"https:\/\/becreative.ee\/en\/wp-json\/wp\/v2\/types\/product"}],"version-history":[{"count":1,"href":"https:\/\/becreative.ee\/en\/wp-json\/wp\/v2\/product\/6882\/revisions"}],"predecessor-version":[{"id":6884,"href":"https:\/\/becreative.ee\/en\/wp-json\/wp\/v2\/product\/6882\/revisions\/6884"}],"wp:featuredmedia":[{"embeddable":true,"href":"https:\/\/becreative.ee\/en\/wp-json\/wp\/v2\/media\/6883"}],"wp:attachment":[{"href":"https:\/\/becreative.ee\/en\/wp-json\/wp\/v2\/media?parent=6882"}],"wp:term":[{"taxonomy":"product_brand","embeddable":true,"href":"https:\/\/becreative.ee\/en\/wp-json\/wp\/v2\/product_brand?post=6882"},{"taxonomy":"product_cat","embeddable":true,"href":"https:\/\/becreative.ee\/en\/wp-json\/wp\/v2\/product_cat?post=6882"},{"taxonomy":"product_tag","embeddable":true,"href":"https:\/\/becreative.ee\/en\/wp-json\/wp\/v2\/product_tag?post=6882"}],"curies":[{"name":"wp","href":"https:\/\/api.w.org\/{rel}","templated":true}]}}