{"id":6885,"date":"2024-11-10T16:09:41","date_gmt":"2024-11-10T16:09:41","guid":{"rendered":"https:\/\/becreative.ee\/?post_type=product&#038;p=6885"},"modified":"2024-11-10T16:09:41","modified_gmt":"2024-11-10T16:09:41","slug":"milwardi-valge-kangapliiats","status":"publish","type":"product","link":"https:\/\/becreative.ee\/en\/product\/milwardi-valge-kangapliiats\/","title":{"rendered":"Milwardi valge kangapliiats"},"content":{"rendered":"<p>Kangapliiats on hea alternatiiv r\u00e4tsepakriidile. Peale m\u00e4rgete tegemist saab joone h\u00f5lpsasti kangalt eemaldada, kas seda \u00f5rnalt p\u00fchkides v\u00f5i veega eemaldades. Sobib kasutamiseks tumedale kangale.<\/p>","protected":false},"excerpt":{"rendered":"<p>Kangapliiats on hea alternatiiv r\u00e4tsepakriidile. Peale m\u00e4rgete tegemist saab joone h\u00f5lpsasti kangalt eemaldada, kas seda \u00f5rnalt p\u00fchkides v\u00f5i veega eemaldades. Sobib kasutamiseks tumedale kangale.<\/p>","protected":false},"featured_media":6886,"template":"","meta":[],"product_brand":[],"product_cat":[263,1190,1352,932],"product_tag":[],"class_list":{"0":"post-6885","1":"product","2":"type-product","3":"status-publish","4":"has-post-thumbnail","6":"product_cat-brandid","7":"product_cat-markevahendid","8":"product_cat-milward","9":"product_cat-omblemine","11":"first","12":"instock","13":"taxable","14":"shipping-taxable","15":"purchasable","16":"product-type-simple"},"jetpack_sharing_enabled":true,"_links":{"self":[{"href":"https:\/\/becreative.ee\/en\/wp-json\/wp\/v2\/product\/6885","targetHints":{"allow":["GET"]}}],"collection":[{"href":"https:\/\/becreative.ee\/en\/wp-json\/wp\/v2\/product"}],"about":[{"href":"https:\/\/becreative.ee\/en\/wp-json\/wp\/v2\/types\/product"}],"version-history":[{"count":1,"href":"https:\/\/becreative.ee\/en\/wp-json\/wp\/v2\/product\/6885\/revisions"}],"predecessor-version":[{"id":6887,"href":"https:\/\/becreative.ee\/en\/wp-json\/wp\/v2\/product\/6885\/revisions\/6887"}],"wp:featuredmedia":[{"embeddable":true,"href":"https:\/\/becreative.ee\/en\/wp-json\/wp\/v2\/media\/6886"}],"wp:attachment":[{"href":"https:\/\/becreative.ee\/en\/wp-json\/wp\/v2\/media?parent=6885"}],"wp:term":[{"taxonomy":"product_brand","embeddable":true,"href":"https:\/\/becreative.ee\/en\/wp-json\/wp\/v2\/product_brand?post=6885"},{"taxonomy":"product_cat","embeddable":true,"href":"https:\/\/becreative.ee\/en\/wp-json\/wp\/v2\/product_cat?post=6885"},{"taxonomy":"product_tag","embeddable":true,"href":"https:\/\/becreative.ee\/en\/wp-json\/wp\/v2\/product_tag?post=6885"}],"curies":[{"name":"wp","href":"https:\/\/api.w.org\/{rel}","templated":true}]}}