{"id":7064,"date":"2024-12-13T18:14:29","date_gmt":"2024-12-13T18:14:29","guid":{"rendered":"https:\/\/becreative.ee\/?post_type=product&#038;p=7064"},"modified":"2024-12-13T18:16:45","modified_gmt":"2024-12-13T18:16:45","slug":"heegeldatud-nuku-komplekt-sophia","status":"publish","type":"product","link":"https:\/\/becreative.ee\/en\/product\/heegeldatud-nuku-komplekt-sophia\/","title":{"rendered":"Heegeldatud nuku komplekt &#8211; SOPHIA"},"content":{"rendered":"<p>Sooviksite heegeldada midagi armsat, kuid samas ei soovi osta hunnik l\u00f5ngu, mis hiljem vedelema j\u00e4\u00e4vad. Siin on lahendus. Spetsiaalne komplekt heegeldamiseks, milles olevad materjali kogused on arvestatud kindla heegeldust\u00f6\u00f6 jaoks.<\/p>\n<p>&nbsp;<\/p>\n<p>Komplekt sisaldab:<\/p>\n<ul>\n<li>heegeln\u00f5ela (2,5mm)<\/li>\n<li>\u00fchte avatud silmuste markerit<\/li>\n<li>kahte turvasilma<\/li>\n<li>n\u00f5ela<\/li>\n<li>t\u00e4idet<\/li>\n<li>l\u00f5nga (erinevaid v\u00e4rve vastavalt kulule)<\/li>\n<li>juhendit (inglise keeles)<\/li>\n<\/ul>","protected":false},"excerpt":{"rendered":"<p>Sooviksite heegeldada midagi armsat, kuid samas ei soovi osta hunnik l\u00f5ngu, mis hiljem vedelema j\u00e4\u00e4vad. Siin on lahendus. Spetsiaalne komplekt heegeldamiseks, milles olevad materjali kogused on arvestatud kindla heegeldust\u00f6\u00f6 jaoks.<\/p>\n<p>&nbsp;<\/p>\n<p>Komplekt sisaldab:<\/p>\n<ul>\n<li>heegeln\u00f5ela (2,5mm)<\/li>\n<li>\u00fchte avatud silmuste markerit<\/li>\n<li>kahte turvasilma<\/li>\n<li>n\u00f5ela<\/li>\n<li>t\u00e4idet<\/li>\n<li>l\u00f5nga (erinevaid v\u00e4rve vastavalt kulule)<\/li>\n<li>juhendit (inglise keeles)<\/li>\n<\/ul>","protected":false},"featured_media":7066,"template":"","meta":[],"product_brand":[],"product_cat":[263,1353,783,1009,1008,17],"product_tag":[],"class_list":{"0":"post-7064","1":"product","2":"type-product","3":"status-publish","4":"has-post-thumbnail","6":"product_cat-brandid","7":"product_cat-circulo","8":"product_cat-heegeldamine","9":"product_cat-komplektid-heegeldamine","10":"product_cat-komplektid-manguasjadevalmistamine","11":"product_cat-manguasjadevalmistamine","13":"first","14":"instock","15":"taxable","16":"shipping-taxable","17":"purchasable","18":"product-type-simple"},"jetpack_sharing_enabled":true,"_links":{"self":[{"href":"https:\/\/becreative.ee\/en\/wp-json\/wp\/v2\/product\/7064","targetHints":{"allow":["GET"]}}],"collection":[{"href":"https:\/\/becreative.ee\/en\/wp-json\/wp\/v2\/product"}],"about":[{"href":"https:\/\/becreative.ee\/en\/wp-json\/wp\/v2\/types\/product"}],"version-history":[{"count":1,"href":"https:\/\/becreative.ee\/en\/wp-json\/wp\/v2\/product\/7064\/revisions"}],"predecessor-version":[{"id":7067,"href":"https:\/\/becreative.ee\/en\/wp-json\/wp\/v2\/product\/7064\/revisions\/7067"}],"wp:featuredmedia":[{"embeddable":true,"href":"https:\/\/becreative.ee\/en\/wp-json\/wp\/v2\/media\/7066"}],"wp:attachment":[{"href":"https:\/\/becreative.ee\/en\/wp-json\/wp\/v2\/media?parent=7064"}],"wp:term":[{"taxonomy":"product_brand","embeddable":true,"href":"https:\/\/becreative.ee\/en\/wp-json\/wp\/v2\/product_brand?post=7064"},{"taxonomy":"product_cat","embeddable":true,"href":"https:\/\/becreative.ee\/en\/wp-json\/wp\/v2\/product_cat?post=7064"},{"taxonomy":"product_tag","embeddable":true,"href":"https:\/\/becreative.ee\/en\/wp-json\/wp\/v2\/product_tag?post=7064"}],"curies":[{"name":"wp","href":"https:\/\/api.w.org\/{rel}","templated":true}]}}