{"id":7103,"date":"2025-02-15T14:40:21","date_gmt":"2025-02-15T14:40:21","guid":{"rendered":"https:\/\/becreative.ee\/?post_type=product&#038;p=7103"},"modified":"2025-02-15T14:50:04","modified_gmt":"2025-02-15T14:50:04","slug":"speedballi-pimedas-helendav-siiditruki-varv-kangale","status":"publish","type":"product","link":"https:\/\/becreative.ee\/en\/product\/speedballi-pimedas-helendav-siiditruki-varv-kangale\/","title":{"rendered":"Speedballi pimedas helendav siiditr\u00fcki v\u00e4rv kangale"},"content":{"rendered":"<p>Speedballi veebaasil siiditr\u00fcki v\u00e4rvid on eesk\u00e4tt m\u00f5eldud koduseks kasutamiseks. V\u00e4rvid on erksad, katavad h\u00e4sti ja nendega on lihtne t\u00f6\u00f6tada. Lisaks on t\u00f6\u00f6riistu ja t\u00f6\u00f6vahendeid v\u00e4rvist lihtsam puhastada kui mistahes teist siidiv\u00e4rvi kasutades. V\u00e4rvid on peale kuumutamist h\u00e4sti p\u00fcsivad ja tr\u00fckis pestav kuni 40 <span class=\"font5\"><sup>0<\/sup><\/span><span class=\"font0\">C vees.<\/span> Tootel on AP m\u00e4rgis. V\u00e4rv on pimedas helendav.<\/p>\n<p>&nbsp;<\/p>\n<p>M\u00f5eldud kasutamiseks: puuvillal, pol\u00fcestril, puuvilla ja pol\u00fcestri segul, linasel, viskoosil ning s\u00fcnteetilistel kangastel. Lisaks paberil ja kartongil.<\/p>\n<p>Ei ole lubatud kasutada nailonil.<\/p>\n<p>&nbsp;<\/p>\n<p>V\u00e4rv ei sisalda toksilisi aineid ega lahusteid, ei ole tuleohtlik ning ei ole tugeva l\u00f5hnaga.<\/p>\n<p>&nbsp;<\/p>\n<p>Purgi suurus 236,2ml<\/p>\n<p>&nbsp;<\/p>\n<p>NB! Soovitatav on kaup tellida k\u00fclmal perioodil Itella pakiautomaati (k\u00fclmumise oht).<\/p>\n<p>&nbsp;<\/p>\n<p>Kasutamine: Peale kujutise paigaldamist raamile, t\u00f5mba spaatliga v\u00e4rv laiali. Eemalda raam ja korda tegevust j\u00e4rgmisel kangal, kuhu kujutist soovid. Peale t\u00f6\u00f6 l\u00f5petamist pese veega raam ja muud t\u00f6\u00f6vahendid. J\u00e4ta kujutised 2 &#8211; 3 p\u00e4evaks \u00f5hu k\u00e4tte kuivama. Kuivanud kujutist triigi triikrauaga 2-3 minutit. P\u00f5hjalik \u00f5petus asub <a href=\"https:\/\/www.youtube.com\/watch?v=PXb929ZDIs8&amp;t=231s\" target=\"_blank\" rel=\"noopener\">siin<\/a>.<\/p>","protected":false},"excerpt":{"rendered":"<p>Speedballi veebaasil siiditr\u00fcki v\u00e4rvid on eesk\u00e4tt m\u00f5eldud koduseks kasutamiseks. V\u00e4rvid on erksad, katavad h\u00e4sti ja nendega on lihtne t\u00f6\u00f6tada. Lisaks on t\u00f6\u00f6riistu ja t\u00f6\u00f6vahendeid v\u00e4rvist lihtsam puhastada kui mistahes teist siidiv\u00e4rvi kasutades. V\u00e4rvid on peale kuumutamist h\u00e4sti p\u00fcsivad ja tr\u00fckis pestav kuni 40 <span class=\"font5\"><sup>0<\/sup><\/span><span class=\"font0\">C vees.<\/span> Tootel on AP m\u00e4rgis. V\u00e4rv on pimedas helendav.<\/p>\n<p>M\u00f5eldud kasutamiseks: puuvillal, pol\u00fcestril, puuvilla ja pol\u00fcestri segul, linasel, viskoosil ning s\u00fcnteetilistel kangastel. Lisaks paberil ja kartongil.<\/p>\n<p>Ei ole lubatud kasutada nailonil.<\/p>\n<p>&nbsp;<\/p>\n<p>V\u00e4rv ei sisalda toksilisi aineid ega lahusteid, ei ole tuleohtlik ning ei ole tugeva l\u00f5hnaga.<\/p>\n<p>&nbsp;<\/p>\n<p>Purgi suurus 236,2ml<\/p>\n<p>&nbsp;<\/p>\n<p>NB! Soovitatav on kaup tellida k\u00fclmal perioodil Itella pakiautomaati (k\u00fclmumise oht).<\/p>","protected":false},"featured_media":7117,"template":"","meta":[],"product_brand":[],"product_cat":[263,844,847,845],"product_tag":[],"class_list":{"0":"post-7103","1":"product","2":"type-product","3":"status-publish","4":"has-post-thumbnail","6":"product_cat-brandid","7":"product_cat-siiditrukk","8":"product_cat-speedball","9":"product_cat-varvid","11":"first","12":"instock","13":"taxable","14":"shipping-taxable","15":"purchasable","16":"product-type-variable"},"jetpack_sharing_enabled":true,"_links":{"self":[{"href":"https:\/\/becreative.ee\/en\/wp-json\/wp\/v2\/product\/7103","targetHints":{"allow":["GET"]}}],"collection":[{"href":"https:\/\/becreative.ee\/en\/wp-json\/wp\/v2\/product"}],"about":[{"href":"https:\/\/becreative.ee\/en\/wp-json\/wp\/v2\/types\/product"}],"version-history":[{"count":2,"href":"https:\/\/becreative.ee\/en\/wp-json\/wp\/v2\/product\/7103\/revisions"}],"predecessor-version":[{"id":7121,"href":"https:\/\/becreative.ee\/en\/wp-json\/wp\/v2\/product\/7103\/revisions\/7121"}],"wp:featuredmedia":[{"embeddable":true,"href":"https:\/\/becreative.ee\/en\/wp-json\/wp\/v2\/media\/7117"}],"wp:attachment":[{"href":"https:\/\/becreative.ee\/en\/wp-json\/wp\/v2\/media?parent=7103"}],"wp:term":[{"taxonomy":"product_brand","embeddable":true,"href":"https:\/\/becreative.ee\/en\/wp-json\/wp\/v2\/product_brand?post=7103"},{"taxonomy":"product_cat","embeddable":true,"href":"https:\/\/becreative.ee\/en\/wp-json\/wp\/v2\/product_cat?post=7103"},{"taxonomy":"product_tag","embeddable":true,"href":"https:\/\/becreative.ee\/en\/wp-json\/wp\/v2\/product_tag?post=7103"}],"curies":[{"name":"wp","href":"https:\/\/api.w.org\/{rel}","templated":true}]}}