{"id":7122,"date":"2025-02-15T14:58:28","date_gmt":"2025-02-15T14:58:28","guid":{"rendered":"https:\/\/becreative.ee\/?post_type=product&#038;p=7122"},"modified":"2025-11-07T17:48:04","modified_gmt":"2025-11-07T17:48:04","slug":"speedballi-komplekt-fotojaljendi-siididrukiks-kaks-komponenti","status":"publish","type":"product","link":"https:\/\/becreative.ee\/en\/product\/speedballi-komplekt-fotojaljendi-siididrukiks-kaks-komponenti\/","title":{"rendered":"Speedballi komplekt fotoj\u00e4ljendi siididr\u00fckiks &#8211; kaks komponenti"},"content":{"rendered":"<p>Siiditr\u00fcki fotoemulsioonide komplekt v\u00f5imaldab luua v\u00e4ga detailseid siiditr\u00fcki t\u00f5mmiseid. Komplekti kuulub fotoemulsioon (780 ml), aktivaator (8,85 g) ning juhend.<\/p>\n<p>&nbsp;<\/p>\n<p>Kasutamine:<\/p>\n<p>Kandke segu tegemisel ja hiljem raamile kandmisel kindlasti kindaid. Lisage aktivaatorisse vett ja segage p\u00f5hjalikult puupulgaga (vedelik muudab v\u00e4rvi). Lisage korralikult segatud aktivaator emulsiooniga anumasse ja segage v\u00e4ga korralikult l\u00e4bi. Vedeliku v\u00e4rvus muutub helesinisest roheliseks.\u00a0 Saadud roheline vedelik kanna spaatliga \u00fchtlase kihina siiditr\u00fcki raamile. Korrata protsessi teisel pool raami. Lase raamil horisontaalselt pimedas kohas kuivada. Tr\u00fcki soovitud pilt l\u00e4bipaistvale kilele. Aseta pilt raamile ja selle peale aseta t\u00fckike klaasi. Viimane on vajalik selleks, et kujutis tuleks v\u00f5imalikult t\u00e4pne. Lase raamile valgust. Pese raami m\u00f5lemalt poolt jaheda veega. Paari minuti p\u00e4rast ilmub soovitud kujutis raamile. Lase raamil kuivada ja alusta tr\u00fckkimisega.<\/p>","protected":false},"excerpt":{"rendered":"<p>Siiditr\u00fcki fotoemulsioonide komplekt v\u00f5imaldab luua v\u00e4ga detailseid siiditr\u00fcki t\u00f5mmiseid. Komplekti kuulub fotoemulsioon (780 ml), aktivaator (8,85 g) ning juhend.<\/p>\n<p>&nbsp;<\/p>\n<p>Kasutamine:<\/p>\n<p>Kandke segu tegemisel ja hiljem raamile kandmisel kindlasti kindaid. Lisage aktivaatorisse vett ja segage p\u00f5hjalikult puupulgaga (vedelik muudab v\u00e4rvi). Lisage korralikult segatud aktivaator emulsiooniga anumasse ja segage v\u00e4ga korralikult l\u00e4bi. Vedeliku v\u00e4rvus muutub helesinisest roheliseks.\u00a0 Saadud roheline vedelik kanna spaatliga \u00fchtlase kihina siiditr\u00fcki raamile. Korrata protsessi teisel pool raami. Lase raamil horisontaalselt pimedas kohas kuivada. Tr\u00fcki soovitud pilt l\u00e4bipaistvale kilele. Aseta pilt raamile ja selle peale aseta t\u00fckike klaasi. Viimane on vajalik selleks, et kujutis tuleks v\u00f5imalikult t\u00e4pne. Lase raamile valgust. Pese raami m\u00f5lemalt poolt jaheda veega. Paari minuti p\u00e4rast ilmub soovitud kujutis raamile. Lase raamil kuivada ja alusta tr\u00fckkimisega.<\/p>","protected":false},"featured_media":7125,"template":"","meta":[],"product_brand":[],"product_cat":[263,854,844,847],"product_tag":[],"class_list":{"0":"post-7122","1":"product","2":"type-product","3":"status-publish","4":"has-post-thumbnail","6":"product_cat-brandid","7":"product_cat-emulsioonid","8":"product_cat-siiditrukk","9":"product_cat-speedball","11":"first","12":"outofstock","13":"taxable","14":"shipping-taxable","15":"purchasable","16":"product-type-simple"},"jetpack_sharing_enabled":true,"_links":{"self":[{"href":"https:\/\/becreative.ee\/en\/wp-json\/wp\/v2\/product\/7122","targetHints":{"allow":["GET"]}}],"collection":[{"href":"https:\/\/becreative.ee\/en\/wp-json\/wp\/v2\/product"}],"about":[{"href":"https:\/\/becreative.ee\/en\/wp-json\/wp\/v2\/types\/product"}],"version-history":[{"count":1,"href":"https:\/\/becreative.ee\/en\/wp-json\/wp\/v2\/product\/7122\/revisions"}],"predecessor-version":[{"id":7126,"href":"https:\/\/becreative.ee\/en\/wp-json\/wp\/v2\/product\/7122\/revisions\/7126"}],"wp:featuredmedia":[{"embeddable":true,"href":"https:\/\/becreative.ee\/en\/wp-json\/wp\/v2\/media\/7125"}],"wp:attachment":[{"href":"https:\/\/becreative.ee\/en\/wp-json\/wp\/v2\/media?parent=7122"}],"wp:term":[{"taxonomy":"product_brand","embeddable":true,"href":"https:\/\/becreative.ee\/en\/wp-json\/wp\/v2\/product_brand?post=7122"},{"taxonomy":"product_cat","embeddable":true,"href":"https:\/\/becreative.ee\/en\/wp-json\/wp\/v2\/product_cat?post=7122"},{"taxonomy":"product_tag","embeddable":true,"href":"https:\/\/becreative.ee\/en\/wp-json\/wp\/v2\/product_tag?post=7122"}],"curies":[{"name":"wp","href":"https:\/\/api.w.org\/{rel}","templated":true}]}}