{"id":7142,"date":"2025-03-01T12:12:26","date_gmt":"2025-03-01T12:12:26","guid":{"rendered":"https:\/\/becreative.ee\/?post_type=product&#038;p=7142"},"modified":"2025-03-01T12:18:46","modified_gmt":"2025-03-01T12:18:46","slug":"circulo-pimedas-helendav-long","status":"publish","type":"product","link":"https:\/\/becreative.ee\/en\/product\/circulo-pimedas-helendav-long\/","title":{"rendered":"Circulo pimedas helendav l\u00f5ng"},"content":{"rendered":"<p>L\u00f5ng: 100 % pol\u00fcester<\/p>\n<p>Varda suurus: 2,75 \u2013 4,5 mm<\/p>\n<p>Heegeln\u00f5ela suurus: 2 \u2013 4 mm<\/p>\n<p>Kaal: 50 g<\/p>\n<p>L\u00f5nga pikkus: 105 m<\/p>\n<p>&nbsp;<\/p>\n<p>Pesujuhised:<\/p>\n<p><img decoding=\"async\" class=\"alignnone size-full wp-image-879\" src=\"https:\/\/becreative.ee\/wp-content\/uploads\/2020\/04\/k\u00e4sitsipesu.png\" alt=\"\" width=\"50\" height=\"50\" \/>\u00a0<img decoding=\"async\" class=\"alignnone size-full wp-image-298\" src=\"https:\/\/becreative.ee\/wp-content\/uploads\/2020\/03\/trummelkuivatus_keelatud.png\" alt=\"\" width=\"50\" height=\"50\" \/>\u00a0<img decoding=\"async\" class=\"alignnone size-full wp-image-299\" src=\"https:\/\/becreative.ee\/wp-content\/uploads\/2020\/03\/valgendamine-keelatud.png\" alt=\"\" width=\"50\" height=\"50\" \/>\u00a0<img loading=\"lazy\" decoding=\"async\" class=\"alignnone size-full wp-image-302\" src=\"https:\/\/becreative.ee\/wp-content\/uploads\/2020\/03\/kuivatada_laotatult.png\" alt=\"\" width=\"50\" height=\"50\" \/> <img loading=\"lazy\" decoding=\"async\" class=\"alignnone size-full wp-image-1407\" src=\"https:\/\/becreative.ee\/wp-content\/uploads\/2020\/05\/triikimine_keelatud.png\" alt=\"\" width=\"50\" height=\"50\" \/> <img loading=\"lazy\" decoding=\"async\" class=\"alignnone size-full wp-image-1408\" src=\"https:\/\/becreative.ee\/wp-content\/uploads\/2020\/05\/keemiline_puhastus_keelatud.png\" alt=\"\" width=\"50\" height=\"50\" \/><\/p>\n<p>&nbsp;<\/p>\n<p>See eriline l\u00f5ng on p\u00e4evavalguses valget v\u00e4rvi. Pimeduse saabudes aga muutub roheliselt helendavaks (umbes 15. minutiks). T\u00e4nu sellele on l\u00f5ngaga tore heegeldada v\u00f5i kududa kaisukaid v\u00f5i muid magamistoa kaunistusi.<\/p>","protected":false},"excerpt":{"rendered":"<p>L\u00f5ng: 100 % pol\u00fcester<\/p>\n<p>Varda suurus: 2,75 \u2013 4,5 mm<\/p>\n<p>Heegeln\u00f5ela suurus: 2 \u2013 4 mm<\/p>\n<p>Kaal: 50 g<\/p>\n<p>L\u00f5nga pikkus: 105 m<\/p>\n<p>&nbsp;<\/p>","protected":false},"featured_media":7143,"template":"","meta":[],"product_brand":[],"product_cat":[263,1353,23,580],"product_tag":[],"class_list":{"0":"post-7142","1":"product","2":"type-product","3":"status-publish","4":"has-post-thumbnail","6":"product_cat-brandid","7":"product_cat-circulo","8":"product_cat-longad","9":"product_cat-poluester","11":"first","12":"instock","13":"taxable","14":"shipping-taxable","15":"purchasable","16":"product-type-simple"},"jetpack_sharing_enabled":true,"_links":{"self":[{"href":"https:\/\/becreative.ee\/en\/wp-json\/wp\/v2\/product\/7142","targetHints":{"allow":["GET"]}}],"collection":[{"href":"https:\/\/becreative.ee\/en\/wp-json\/wp\/v2\/product"}],"about":[{"href":"https:\/\/becreative.ee\/en\/wp-json\/wp\/v2\/types\/product"}],"version-history":[{"count":1,"href":"https:\/\/becreative.ee\/en\/wp-json\/wp\/v2\/product\/7142\/revisions"}],"predecessor-version":[{"id":7144,"href":"https:\/\/becreative.ee\/en\/wp-json\/wp\/v2\/product\/7142\/revisions\/7144"}],"wp:featuredmedia":[{"embeddable":true,"href":"https:\/\/becreative.ee\/en\/wp-json\/wp\/v2\/media\/7143"}],"wp:attachment":[{"href":"https:\/\/becreative.ee\/en\/wp-json\/wp\/v2\/media?parent=7142"}],"wp:term":[{"taxonomy":"product_brand","embeddable":true,"href":"https:\/\/becreative.ee\/en\/wp-json\/wp\/v2\/product_brand?post=7142"},{"taxonomy":"product_cat","embeddable":true,"href":"https:\/\/becreative.ee\/en\/wp-json\/wp\/v2\/product_cat?post=7142"},{"taxonomy":"product_tag","embeddable":true,"href":"https:\/\/becreative.ee\/en\/wp-json\/wp\/v2\/product_tag?post=7142"}],"curies":[{"name":"wp","href":"https:\/\/api.w.org\/{rel}","templated":true}]}}