{"id":7145,"date":"2025-03-01T12:31:24","date_gmt":"2025-03-01T12:31:24","guid":{"rendered":"https:\/\/becreative.ee\/?post_type=product&#038;p=7145"},"modified":"2025-11-20T00:07:25","modified_gmt":"2025-11-20T00:07:25","slug":"speedballi-siiditruki-varv-elastsele-kangale","status":"publish","type":"product","link":"https:\/\/becreative.ee\/en\/product\/speedballi-siiditruki-varv-elastsele-kangale\/","title":{"rendered":"Speedballi siiditr\u00fcki v\u00e4rv elastsele kangale"},"content":{"rendered":"<p>Speedballi uued veep\u00f5hised professionaalsed siiditr\u00fckiv\u00e4rvid on m\u00f5eldud esmajoones venivatele kangastele tr\u00fckkimiseks. Tulemus ei kooru ega pragune.<\/p>\n<p>&nbsp;<\/p>\n<p>V\u00e4rv ei sisalda toksilisi aineid ega lahusteid, ei ole tuleohtlik ning ei ole tugeva l\u00f5hnaga.<\/p>\n<p>&nbsp;<\/p>\n<p>Purgi suurus 236,2ml<\/p>\n<p>&nbsp;<\/p>\n<p>NB! Soovitatav on kaup tellida k\u00fclmal perioodil Itella pakiautomaati (k\u00fclmumise oht).<\/p>\n<p>&nbsp;<\/p>\n<p>Kasutamine: Peale kujutise paigaldamist raamile, t\u00f5mba spaatliga v\u00e4rv laiali. Eemalda raam ja korda tegevust j\u00e4rgmisel kangal, kuhu kujutist soovid. Peale t\u00f6\u00f6 l\u00f5petamist pese veega raam ja muud t\u00f6\u00f6vahendid. J\u00e4ta kujutised 2 &#8211; 3 p\u00e4evaks \u00f5hu k\u00e4tte kuivama. Kuivanud kujutist triigi triikrauaga 2-3 minutit. P\u00f5hjalik \u00f5petus asub <a href=\"https:\/\/www.youtube.com\/watch?v=PXb929ZDIs8&amp;t=231s\" target=\"_blank\" rel=\"noopener\">siin<\/a>.<\/p>\n<p>&nbsp;<\/p>\n<p>Kuumutusprotsess s\u00f5ltub eelk\u00f5ige kanga t\u00fc\u00fcbist.<\/p>\n<p>100 % puuvill 149 \u02daC 1 min<\/p>\n<p>Erinevad kangasegud puuvillaga 149 \u02daC 1 min<\/p>\n<p>Erinevad s\u00fcnteetilised segud 149 \u02daC 40 s<\/p>","protected":false},"excerpt":{"rendered":"<p>Speedballi uued veep\u00f5hised professionaalsed siiditr\u00fckiv\u00e4rvid on m\u00f5eldud esmajoones venivatele kangastele tr\u00fckkimiseks. Tulemus ei kooru ega pragune.<\/p>\n<p>&nbsp;<\/p>\n<p>V\u00e4rv ei sisalda toksilisi aineid ega lahusteid, ei ole tuleohtlik ning ei ole tugeva l\u00f5hnaga.<\/p>\n<p>&nbsp;<\/p>\n<p>Purgi suurus 236,2ml<\/p>\n<p>&nbsp;<\/p>\n<p>NB! Soovitatav on kaup tellida k\u00fclmal perioodil Itella pakiautomaati (k\u00fclmumise oht).<\/p>\n<p>&nbsp;<\/p>","protected":false},"featured_media":7150,"template":"","meta":[],"product_brand":[],"product_cat":[263,844,847,845],"product_tag":[],"class_list":{"0":"post-7145","1":"product","2":"type-product","3":"status-publish","4":"has-post-thumbnail","6":"product_cat-brandid","7":"product_cat-siiditrukk","8":"product_cat-speedball","9":"product_cat-varvid","11":"first","12":"instock","13":"taxable","14":"shipping-taxable","15":"purchasable","16":"product-type-variable"},"jetpack_sharing_enabled":true,"_links":{"self":[{"href":"https:\/\/becreative.ee\/en\/wp-json\/wp\/v2\/product\/7145","targetHints":{"allow":["GET"]}}],"collection":[{"href":"https:\/\/becreative.ee\/en\/wp-json\/wp\/v2\/product"}],"about":[{"href":"https:\/\/becreative.ee\/en\/wp-json\/wp\/v2\/types\/product"}],"version-history":[{"count":1,"href":"https:\/\/becreative.ee\/en\/wp-json\/wp\/v2\/product\/7145\/revisions"}],"predecessor-version":[{"id":7148,"href":"https:\/\/becreative.ee\/en\/wp-json\/wp\/v2\/product\/7145\/revisions\/7148"}],"wp:featuredmedia":[{"embeddable":true,"href":"https:\/\/becreative.ee\/en\/wp-json\/wp\/v2\/media\/7150"}],"wp:attachment":[{"href":"https:\/\/becreative.ee\/en\/wp-json\/wp\/v2\/media?parent=7145"}],"wp:term":[{"taxonomy":"product_brand","embeddable":true,"href":"https:\/\/becreative.ee\/en\/wp-json\/wp\/v2\/product_brand?post=7145"},{"taxonomy":"product_cat","embeddable":true,"href":"https:\/\/becreative.ee\/en\/wp-json\/wp\/v2\/product_cat?post=7145"},{"taxonomy":"product_tag","embeddable":true,"href":"https:\/\/becreative.ee\/en\/wp-json\/wp\/v2\/product_tag?post=7145"}],"curies":[{"name":"wp","href":"https:\/\/api.w.org\/{rel}","templated":true}]}}